{"id":6769,"date":"2025-05-06T10:23:51","date_gmt":"2025-05-06T07:23:51","guid":{"rendered":"https:\/\/lemt.lv\/?post_type=product&#038;p=6769"},"modified":"2025-05-06T10:33:46","modified_gmt":"2025-05-06T07:33:46","slug":"gaismas-panelis-led-34w-4080lm-4000k","status":"publish","type":"product","link":"https:\/\/lemt.lv\/dev\/produkts\/gaismas-panelis-led-34w-4080lm-4000k\/","title":{"rendered":"Gaismas panelis LED 34W 4080lm 4000K"},"content":{"rendered":"<p>Zemapmetuma LED panelis, ide\u0101li piem\u0113rots eso\u0161o dienasgaismas lampu instal\u0101ciju nomai\u0146ai un jaunos projektos. Vienk\u0101r\u0161a un \u0101tra uzst\u0101d\u012b\u0161ana.<\/p>\n<p>Balts korpuss no alum\u012bnija.<\/p>\n<p>Gaismas kr\u0101su temperat\u016bra\u00a0 4000K<\/p>\n","protected":false},"excerpt":{"rendered":"<p>Zemapmetuma LED panelis, ide\u0101li piem\u0113rots eso\u0161o dienasgaismas lampu instal\u0101ciju nomai\u0146ai un jaunos projektos. Vienk\u0101r\u0161a un \u0101tra uzst\u0101d\u012b\u0161ana. Balts korpuss no alum\u012bnija. Gaismas kr\u0101su temperat\u016bra\u00a0 4000K<\/p>\n","protected":false},"featured_media":6345,"template":"","meta":{"_acf_changed":false},"product_brand":[],"product_cat":[640,394,643],"product_tag":[],"class_list":{"0":"post-6769","1":"product","2":"type-product","3":"status-publish","4":"has-post-thumbnail","6":"product_cat-iekstelpu-apgaismojums","7":"product_cat-apgaismojums","8":"product_cat-griestu-lampas","10":"first","11":"onbackorder","12":"taxable","13":"shipping-taxable","14":"purchasable","15":"product-type-simple"},"acf":[],"_links":{"self":[{"href":"https:\/\/lemt.lv\/dev\/wp-json\/wp\/v2\/product\/6769","targetHints":{"allow":["GET"]}}],"collection":[{"href":"https:\/\/lemt.lv\/dev\/wp-json\/wp\/v2\/product"}],"about":[{"href":"https:\/\/lemt.lv\/dev\/wp-json\/wp\/v2\/types\/product"}],"wp:featuredmedia":[{"embeddable":true,"href":"https:\/\/lemt.lv\/dev\/wp-json\/wp\/v2\/media\/6345"}],"wp:attachment":[{"href":"https:\/\/lemt.lv\/dev\/wp-json\/wp\/v2\/media?parent=6769"}],"wp:term":[{"taxonomy":"product_brand","embeddable":true,"href":"https:\/\/lemt.lv\/dev\/wp-json\/wp\/v2\/product_brand?post=6769"},{"taxonomy":"product_cat","embeddable":true,"href":"https:\/\/lemt.lv\/dev\/wp-json\/wp\/v2\/product_cat?post=6769"},{"taxonomy":"product_tag","embeddable":true,"href":"https:\/\/lemt.lv\/dev\/wp-json\/wp\/v2\/product_tag?post=6769"}],"curies":[{"name":"wp","href":"https:\/\/api.w.org\/{rel}","templated":true}]}}