{"id":6421,"date":"2024-03-26T09:44:43","date_gmt":"2024-03-26T07:44:43","guid":{"rendered":"https:\/\/lemt.lv\/?post_type=product&#038;p=6421"},"modified":"2024-03-26T11:29:07","modified_gmt":"2024-03-26T09:29:07","slug":"elektro-auto-uzlades-stacija-evon-2x22kw-wifi-4g-64a-3-fazes","status":"publish","type":"product","link":"https:\/\/lemt.lv\/dev\/produkts\/elektro-auto-uzlades-stacija-evon-2x22kw-wifi-4g-64a-3-fazes\/","title":{"rendered":"Elektro auto uzl\u0101des stacija EVON, 2X22KW, WIFI\/4G 64A 3-f\u0101zes"},"content":{"rendered":"<p>Publisks uzl\u0101des statnis uzst\u0101d\u012b\u0161anai uz zemes ar dro\u0161in\u0101t\u0101jiem un zem\u0113juma sl\u0113dzi katrai kontaktligzdai. Viedi savienots uzl\u0101des statnis mai\u0146str\u0101vas uzl\u0101dei l\u012bdz 2x22kW ar ieb\u016bv\u0113tu MID m\u0113r\u012bt\u0101ju. Uzl\u0101de tiek s\u0101kta ar RFID karti, izmantojot lietotni EVCHARGO vai tie\u0161i, kad uzl\u0101des kabelis ir pievienots transportl\u012bdzeklim. Uzl\u0101des s\u0101k\u0161anu var iepl\u0101not lietotn\u0113. Savienots ar savu t\u012bklu, izmantojot WiFi vai Ethernet kabeli.<br \/>\nApr\u012bkots ar displeju, kas par\u0101da uzl\u0101des statusu, pat\u0113r\u0113to ener\u0123iju un uzl\u0101des laiku, k\u0101 ar\u012b nor\u0101d\u012bjumus par uzl\u0101di.<\/p>\n<p>Zem\u0113juma defekta \u0137\u0113des p\u0101rtrauc\u0113js &#8211; 30mA Typ A + 6mA DC<\/p>\n<p>Komunik\u0101cija &#8211; WiFi \/ 4G \/ Ethernet<\/p>\n<p>Savienot\u0101js &#8211; Typ 2<\/p>\n<p>Nomin\u0101l\u0101 str\u0101va &#8211; 64A<\/p>\n<p>Protokols &#8211; OCPPI.6<\/p>\n<p>Triecieniztur\u012bba &#8211; IK10 (displejs IK08)<\/p>\n<p>Temperat\u016bras diapazons &#8211; -30\u00b0C &#8211; +50\u00b0C<\/p>\n<p>MID skait\u012bt\u0101js<\/p>\n<p>Pulverkr\u0101sots korpuss.<\/p>\n","protected":false},"excerpt":{"rendered":"<p>Publisks uzl\u0101des statnis uzst\u0101d\u012b\u0161anai uz zemes ar dro\u0161in\u0101t\u0101jiem un zem\u0113juma sl\u0113dzi katrai kontaktligzdai. Viedi savienots uzl\u0101des statnis mai\u0146str\u0101vas uzl\u0101dei l\u012bdz 2x22kW ar ieb\u016bv\u0113tu MID m\u0113r\u012bt\u0101ju. Uzl\u0101de tiek s\u0101kta ar RFID karti, izmantojot lietotni EVCHARGO vai tie\u0161i, kad uzl\u0101des kabelis ir pievienots transportl\u012bdzeklim. Uzl\u0101des s\u0101k\u0161anu var iepl\u0101not lietotn\u0113. Savienots ar savu t\u012bklu, izmantojot WiFi vai Ethernet [&hellip;]<\/p>\n","protected":false},"featured_media":6430,"template":"","meta":{"_acf_changed":false},"product_brand":[],"product_cat":[1231,1222],"product_tag":[],"class_list":{"0":"post-6421","1":"product","2":"type-product","3":"status-publish","4":"has-post-thumbnail","6":"product_cat-elektro-uzlade","7":"product_cat-atjaunojama-energija","9":"first","10":"onbackorder","11":"taxable","12":"shipping-taxable","13":"purchasable","14":"product-type-simple"},"acf":[],"_links":{"self":[{"href":"https:\/\/lemt.lv\/dev\/wp-json\/wp\/v2\/product\/6421","targetHints":{"allow":["GET"]}}],"collection":[{"href":"https:\/\/lemt.lv\/dev\/wp-json\/wp\/v2\/product"}],"about":[{"href":"https:\/\/lemt.lv\/dev\/wp-json\/wp\/v2\/types\/product"}],"wp:featuredmedia":[{"embeddable":true,"href":"https:\/\/lemt.lv\/dev\/wp-json\/wp\/v2\/media\/6430"}],"wp:attachment":[{"href":"https:\/\/lemt.lv\/dev\/wp-json\/wp\/v2\/media?parent=6421"}],"wp:term":[{"taxonomy":"product_brand","embeddable":true,"href":"https:\/\/lemt.lv\/dev\/wp-json\/wp\/v2\/product_brand?post=6421"},{"taxonomy":"product_cat","embeddable":true,"href":"https:\/\/lemt.lv\/dev\/wp-json\/wp\/v2\/product_cat?post=6421"},{"taxonomy":"product_tag","embeddable":true,"href":"https:\/\/lemt.lv\/dev\/wp-json\/wp\/v2\/product_tag?post=6421"}],"curies":[{"name":"wp","href":"https:\/\/api.w.org\/{rel}","templated":true}]}}