{"id":6409,"date":"2024-02-12T14:38:04","date_gmt":"2024-02-12T12:38:04","guid":{"rendered":"https:\/\/lemt.lv\/?post_type=product&#038;p=6409"},"modified":"2024-02-12T14:40:05","modified_gmt":"2024-02-12T12:40:05","slug":"ielu-gaismeklis-dolphin-ii-150w-ip65","status":"publish","type":"product","link":"https:\/\/lemt.lv\/dev\/produkts\/ielu-gaismeklis-dolphin-ii-150w-ip65\/","title":{"rendered":"Ielu gaismeklis Dolphin II 150W IP65"},"content":{"rendered":"<p>Pel\u0113ks korpuss izgatavots no spiedienlieta alum\u012bnija. 5 mm biezs r\u016bd\u012bts dro\u0161\u012bbas stikls. Komplekt\u0101 ar baro\u0161anas bloku.<br \/>\nSensors pieejams k\u0101 aksesu\u0101rs.Regul\u0113jams stiprin\u0101juma kron\u0161teins da\u017e\u0101diem mont\u0101\u017eas le\u0146\u0137iem. Stabam \u00d8 42\/60 mm (9977385-89 un \u00d8 60 mm (9977390-92)<\/p>\n<p>Paredz\u0113ts uzst\u0101d\u012b\u0161anai iel\u0101m, autost\u0101vviet\u0101m, industri\u0101laj\u0101m zon\u0101m u.c teritorij\u0101m.<\/p>\n","protected":false},"excerpt":{"rendered":"<p>Pel\u0113ks korpuss izgatavots no spiedienlieta alum\u012bnija. 5 mm biezs r\u016bd\u012bts dro\u0161\u012bbas stikls. Komplekt\u0101 ar baro\u0161anas bloku. Sensors pieejams k\u0101 aksesu\u0101rs.Regul\u0113jams stiprin\u0101juma kron\u0161teins da\u017e\u0101diem mont\u0101\u017eas le\u0146\u0137iem. Stabam \u00d8 42\/60 mm (9977385-89 un \u00d8 60 mm (9977390-92) Paredz\u0113ts uzst\u0101d\u012b\u0161anai iel\u0101m, autost\u0101vviet\u0101m, industri\u0101laj\u0101m zon\u0101m u.c teritorij\u0101m.<\/p>\n","protected":false},"featured_media":6410,"template":"","meta":{"_acf_changed":false},"product_brand":[],"product_cat":[32,394,584,1117],"product_tag":[],"class_list":{"0":"post-6409","1":"product","2":"type-product","3":"status-publish","4":"has-post-thumbnail","6":"product_cat-apsildes-kabeli","7":"product_cat-apgaismojums","8":"product_cat-ara-apgaismojums","9":"product_cat-ielu-un-parku-gaismekli","11":"first","12":"onbackorder","13":"taxable","14":"shipping-taxable","15":"purchasable","16":"product-type-simple"},"acf":[],"_links":{"self":[{"href":"https:\/\/lemt.lv\/dev\/wp-json\/wp\/v2\/product\/6409","targetHints":{"allow":["GET"]}}],"collection":[{"href":"https:\/\/lemt.lv\/dev\/wp-json\/wp\/v2\/product"}],"about":[{"href":"https:\/\/lemt.lv\/dev\/wp-json\/wp\/v2\/types\/product"}],"wp:featuredmedia":[{"embeddable":true,"href":"https:\/\/lemt.lv\/dev\/wp-json\/wp\/v2\/media\/6410"}],"wp:attachment":[{"href":"https:\/\/lemt.lv\/dev\/wp-json\/wp\/v2\/media?parent=6409"}],"wp:term":[{"taxonomy":"product_brand","embeddable":true,"href":"https:\/\/lemt.lv\/dev\/wp-json\/wp\/v2\/product_brand?post=6409"},{"taxonomy":"product_cat","embeddable":true,"href":"https:\/\/lemt.lv\/dev\/wp-json\/wp\/v2\/product_cat?post=6409"},{"taxonomy":"product_tag","embeddable":true,"href":"https:\/\/lemt.lv\/dev\/wp-json\/wp\/v2\/product_tag?post=6409"}],"curies":[{"name":"wp","href":"https:\/\/api.w.org\/{rel}","templated":true}]}}