{"id":6363,"date":"2024-01-22T12:31:38","date_gmt":"2024-01-22T10:31:38","guid":{"rendered":"https:\/\/lemt.lv\/?post_type=product&#038;p=6363"},"modified":"2024-01-23T15:44:37","modified_gmt":"2024-01-23T13:44:37","slug":"gaismas-panelis-sirius-cct-36w","status":"publish","type":"product","link":"https:\/\/lemt.lv\/dev\/produkts\/gaismas-panelis-sirius-cct-36w\/","title":{"rendered":"Gaismas panelis SIRIUS CCT 36W"},"content":{"rendered":"<p>Zemapmetuma LED panelis, ide\u0101li piem\u0113rots eso\u0161o dienasgaismas lampu instal\u0101ciju nomai\u0146ai un jaunos projektos. Gaismeklim ir lieliska optika un tas atbilst UGR sliek\u0161\u0146a pras\u012bb\u0101m (UGR&lt;19 birojiem) norm\u0101los apst\u0101k\u013cos. Vienk\u0101r\u0161a un \u0101tra uzst\u0101d\u012b\u0161ana, pateicoties iepriek\u0161 uzst\u0101d\u012btam kabelim ar spraudni (eiro)<\/p>\n<p>Balts korpuss no alum\u012bnija un mikroprizmatisks difuzors no polistirola.<\/p>\n<p>P\u0101rsl\u0113dzama gaismas kr\u0101su temperat\u016bra no 3000K uz 4000K ar &#8220;DIP&#8221; sl\u0113dzi<\/p>\n","protected":false},"excerpt":{"rendered":"<p>Zemapmetuma LED panelis, ide\u0101li piem\u0113rots eso\u0161o dienasgaismas lampu instal\u0101ciju nomai\u0146ai un jaunos projektos. Gaismeklim ir lieliska optika un tas atbilst UGR sliek\u0161\u0146a pras\u012bb\u0101m (UGR&lt;19 birojiem) norm\u0101los apst\u0101k\u013cos. Vienk\u0101r\u0161a un \u0101tra uzst\u0101d\u012b\u0161ana, pateicoties iepriek\u0161 uzst\u0101d\u012btam kabelim ar spraudni (eiro) Balts korpuss no alum\u012bnija un mikroprizmatisks difuzors no polistirola. P\u0101rsl\u0113dzama gaismas kr\u0101su temperat\u016bra no 3000K uz 4000K [&hellip;]<\/p>\n","protected":false},"featured_media":6345,"template":"","meta":{"_acf_changed":false},"product_brand":[],"product_cat":[640,394,643],"product_tag":[],"class_list":{"0":"post-6363","1":"product","2":"type-product","3":"status-publish","4":"has-post-thumbnail","6":"product_cat-iekstelpu-apgaismojums","7":"product_cat-apgaismojums","8":"product_cat-griestu-lampas","10":"first","11":"onbackorder","12":"taxable","13":"shipping-taxable","14":"purchasable","15":"product-type-simple"},"acf":[],"_links":{"self":[{"href":"https:\/\/lemt.lv\/dev\/wp-json\/wp\/v2\/product\/6363","targetHints":{"allow":["GET"]}}],"collection":[{"href":"https:\/\/lemt.lv\/dev\/wp-json\/wp\/v2\/product"}],"about":[{"href":"https:\/\/lemt.lv\/dev\/wp-json\/wp\/v2\/types\/product"}],"wp:featuredmedia":[{"embeddable":true,"href":"https:\/\/lemt.lv\/dev\/wp-json\/wp\/v2\/media\/6345"}],"wp:attachment":[{"href":"https:\/\/lemt.lv\/dev\/wp-json\/wp\/v2\/media?parent=6363"}],"wp:term":[{"taxonomy":"product_brand","embeddable":true,"href":"https:\/\/lemt.lv\/dev\/wp-json\/wp\/v2\/product_brand?post=6363"},{"taxonomy":"product_cat","embeddable":true,"href":"https:\/\/lemt.lv\/dev\/wp-json\/wp\/v2\/product_cat?post=6363"},{"taxonomy":"product_tag","embeddable":true,"href":"https:\/\/lemt.lv\/dev\/wp-json\/wp\/v2\/product_tag?post=6363"}],"curies":[{"name":"wp","href":"https:\/\/api.w.org\/{rel}","templated":true}]}}