{"id":6355,"date":"2024-01-22T12:09:51","date_gmt":"2024-01-22T10:09:51","guid":{"rendered":"https:\/\/lemt.lv\/?post_type=product&#038;p=6355"},"modified":"2024-01-22T12:09:51","modified_gmt":"2024-01-22T10:09:51","slug":"led-gaismekla-effektiv-draiveris-on-off","status":"publish","type":"product","link":"https:\/\/lemt.lv\/dev\/produkts\/led-gaismekla-effektiv-draiveris-on-off\/","title":{"rendered":"LED gaismek\u013ca EFFEKTIV draiveris ON\/OFF"},"content":{"rendered":"<p>LED draiveris ON\/OFF, ar 1,5 m kabeli (H05VV-F2x0,75 mm\u00b2) un &#8220;EURO&#8221; spraudni. Komplekt\u0101 ar baro\u0161anas vadu l\u012bdzstr\u0101vas ligzdai.<\/p>\n","protected":false},"excerpt":{"rendered":"<p>LED draiveris ON\/OFF, ar 1,5 m kabeli (H05VV-F2x0,75 mm\u00b2) un &#8220;EURO&#8221; spraudni. Komplekt\u0101 ar baro\u0161anas vadu l\u012bdzstr\u0101vas ligzdai.<\/p>\n","protected":false},"featured_media":6359,"template":"","meta":{"_acf_changed":false},"product_brand":[],"product_cat":[394,643,640],"product_tag":[],"class_list":{"0":"post-6355","1":"product","2":"type-product","3":"status-publish","4":"has-post-thumbnail","6":"product_cat-apgaismojums","7":"product_cat-griestu-lampas","8":"product_cat-iekstelpu-apgaismojums","10":"first","11":"onbackorder","12":"taxable","13":"shipping-taxable","14":"purchasable","15":"product-type-simple"},"acf":[],"_links":{"self":[{"href":"https:\/\/lemt.lv\/dev\/wp-json\/wp\/v2\/product\/6355","targetHints":{"allow":["GET"]}}],"collection":[{"href":"https:\/\/lemt.lv\/dev\/wp-json\/wp\/v2\/product"}],"about":[{"href":"https:\/\/lemt.lv\/dev\/wp-json\/wp\/v2\/types\/product"}],"wp:featuredmedia":[{"embeddable":true,"href":"https:\/\/lemt.lv\/dev\/wp-json\/wp\/v2\/media\/6359"}],"wp:attachment":[{"href":"https:\/\/lemt.lv\/dev\/wp-json\/wp\/v2\/media?parent=6355"}],"wp:term":[{"taxonomy":"product_brand","embeddable":true,"href":"https:\/\/lemt.lv\/dev\/wp-json\/wp\/v2\/product_brand?post=6355"},{"taxonomy":"product_cat","embeddable":true,"href":"https:\/\/lemt.lv\/dev\/wp-json\/wp\/v2\/product_cat?post=6355"},{"taxonomy":"product_tag","embeddable":true,"href":"https:\/\/lemt.lv\/dev\/wp-json\/wp\/v2\/product_tag?post=6355"}],"curies":[{"name":"wp","href":"https:\/\/api.w.org\/{rel}","templated":true}]}}