{"id":6335,"date":"2024-01-22T11:58:22","date_gmt":"2024-01-22T09:58:22","guid":{"rendered":"https:\/\/lemt.lv\/?post_type=product&#038;p=6335"},"modified":"2025-04-10T05:45:09","modified_gmt":"2025-04-10T02:45:09","slug":"gaismas-panelis-effektiv","status":"publish","type":"product","link":"https:\/\/lemt.lv\/dev\/produkts\/gaismas-panelis-effektiv\/","title":{"rendered":"Gaismas panelis EFFEKTIV 19,4W 4600lm"},"content":{"rendered":"<p>Zemapmatuma gaismas panelis ar A ener\u0123ijas klasi (237lm\/W LED modulis), kas padara to par optim\u0101lu pa\u0161reiz\u0113jo LED lampu gaismek\u013cu aizst\u0101j\u0113ju un ar\u012b ide\u0101li piem\u0113rotu jaunajos projektos. Mikroprizmatiskais difuzors nodro\u0161ina izcilu optiku un atbilst UGR sliek\u0161\u0146a pras\u012bb\u0101m (UGR&lt;19 birojiem) norm\u0101los apst\u0101k\u013cos. Darba m\u016b\u017es 50000h (L80B20)<br \/>\nKorpuss izgatavots no t\u0113rauda loksnes un baltais r\u0101mis no alum\u012bnija. Op\u0101ls mikroprizmatisks difuzors no PMMA.<\/p>\n<p>&nbsp;<\/p>\n","protected":false},"excerpt":{"rendered":"<p>Zemapmatuma gaismas panelis ar A ener\u0123ijas klasi (237lm\/W LED modulis), kas padara to par optim\u0101lu pa\u0161reiz\u0113jo LED lampu gaismek\u013cu aizst\u0101j\u0113ju un ar\u012b ide\u0101li piem\u0113rotu jaunajos projektos. Mikroprizmatiskais difuzors nodro\u0161ina izcilu optiku un atbilst UGR sliek\u0161\u0146a pras\u012bb\u0101m (UGR&lt;19 birojiem) norm\u0101los apst\u0101k\u013cos. Darba m\u016b\u017es 50000h (L80B20) Korpuss izgatavots no t\u0113rauda loksnes un baltais r\u0101mis no alum\u012bnija. Op\u0101ls [&hellip;]<\/p>\n","protected":false},"featured_media":6345,"template":"","meta":{"_acf_changed":false},"product_brand":[],"product_cat":[640,394,643],"product_tag":[],"class_list":{"0":"post-6335","1":"product","2":"type-product","3":"status-publish","4":"has-post-thumbnail","6":"product_cat-iekstelpu-apgaismojums","7":"product_cat-apgaismojums","8":"product_cat-griestu-lampas","10":"first","11":"onbackorder","12":"sale","13":"taxable","14":"shipping-taxable","15":"purchasable","16":"product-type-simple"},"acf":[],"_links":{"self":[{"href":"https:\/\/lemt.lv\/dev\/wp-json\/wp\/v2\/product\/6335","targetHints":{"allow":["GET"]}}],"collection":[{"href":"https:\/\/lemt.lv\/dev\/wp-json\/wp\/v2\/product"}],"about":[{"href":"https:\/\/lemt.lv\/dev\/wp-json\/wp\/v2\/types\/product"}],"wp:featuredmedia":[{"embeddable":true,"href":"https:\/\/lemt.lv\/dev\/wp-json\/wp\/v2\/media\/6345"}],"wp:attachment":[{"href":"https:\/\/lemt.lv\/dev\/wp-json\/wp\/v2\/media?parent=6335"}],"wp:term":[{"taxonomy":"product_brand","embeddable":true,"href":"https:\/\/lemt.lv\/dev\/wp-json\/wp\/v2\/product_brand?post=6335"},{"taxonomy":"product_cat","embeddable":true,"href":"https:\/\/lemt.lv\/dev\/wp-json\/wp\/v2\/product_cat?post=6335"},{"taxonomy":"product_tag","embeddable":true,"href":"https:\/\/lemt.lv\/dev\/wp-json\/wp\/v2\/product_tag?post=6335"}],"curies":[{"name":"wp","href":"https:\/\/api.w.org\/{rel}","templated":true}]}}