{"id":6240,"date":"2024-01-16T11:19:45","date_gmt":"2024-01-16T09:19:45","guid":{"rendered":"https:\/\/lemt.lv\/?post_type=product&#038;p=6240"},"modified":"2025-04-10T05:45:10","modified_gmt":"2025-04-10T02:45:10","slug":"elektro-auto-uzlades-stacija-evon-11kw-3f-wifi-smart-bez-uzlades-kabela","status":"publish","type":"product","link":"https:\/\/lemt.lv\/dev\/produkts\/elektro-auto-uzlades-stacija-evon-11kw-3f-wifi-smart-bez-uzlades-kabela\/","title":{"rendered":"Elektro auto uzl\u0101des stacija EVON 11kW 3f Wifi SMART bez uzl\u0101des kabe\u013ca"},"content":{"rendered":"<p>Stil\u012bgs, gudrs un kompakts EV l\u0101d\u0113t\u0101js \u0113rtai lieto\u0161anai m\u0101j\u0101s, m\u0101ju biedr\u012bb\u0101 vai uz\u0146\u0113mum\u0101. Ar t\u0101d\u0101m funkcij\u0101m k\u0101 slodzes l\u012bdzsvaro\u0161ana, pat\u0113r\u0113t\u0101 ener\u0123ija un daudz kas cits. Uzl\u0101de s\u0101kas ar; RFID karte, izmantojot lietotni EVCHARGO vai tie\u0161i, kad savienot\u0101js ir pievienots transportl\u012bdzek\u013ca kontaktligzdai. Integr\u0113ts A tipa RCD ar l\u012bdzstr\u0101vas nopl\u016bdes str\u0101vas noteik\u0161anu 6mA, kas atbilst B tipa RCD. Sazi\u0146a ar WiFi, 4G vai Bluetooth. Indikatora josla priek\u0161pus\u0113, kas skaidri nor\u0101da uzl\u0101des statusu, izmantojot da\u017e\u0101das kr\u0101sas (sarkanu, dzeltenu, za\u013cu). Mont\u0101\u017eai pie sienas vai uz staba.<\/p>\n<p>\u2022 Kontrol\u0113jiet uzl\u0101di, izmantojot WiFi, Bluetooth vai 4G<br \/>\n\u2022 Ieskaitot SIM karti<br \/>\n\u2022 Start\u0113\u0161anas re\u017e\u012bmi: RFID \/ APP \/ Plug&amp;Charge<br \/>\n\u2022 Regul\u0113jama uzl\u0101des str\u0101va<br \/>\n\u2022 Efekt\u012bvs uzl\u0101des \u0101trums<br \/>\n\u2022 2. tipa ligzda<br \/>\n\u2022 Daudzkr\u0101sains gaismas indikators (RGB)<br \/>\n\u2022 Pl\u0101not\u0101 uzl\u0101de lietotn\u0113<br \/>\n\u2022 Dro\u0161s bezsaist\u0113. Stabils un uzticams savienojums (Bluetooth).<br \/>\n\u2022 5 gadu garantija<\/p>\n","protected":false},"excerpt":{"rendered":"<p>Stil\u012bgs, gudrs un kompakts EV l\u0101d\u0113t\u0101js \u0113rtai lieto\u0161anai m\u0101j\u0101s, m\u0101ju biedr\u012bb\u0101 vai uz\u0146\u0113mum\u0101. Ar t\u0101d\u0101m funkcij\u0101m k\u0101 slodzes l\u012bdzsvaro\u0161ana, pat\u0113r\u0113t\u0101 ener\u0123ija un daudz kas cits. Uzl\u0101de s\u0101kas ar; RFID karte, izmantojot lietotni EVCHARGO vai tie\u0161i, kad savienot\u0101js ir pievienots transportl\u012bdzek\u013ca kontaktligzdai. Integr\u0113ts A tipa RCD ar l\u012bdzstr\u0101vas nopl\u016bdes str\u0101vas noteik\u0161anu 6mA, kas atbilst B tipa [&hellip;]<\/p>\n","protected":false},"featured_media":6246,"template":"","meta":{"_acf_changed":false},"product_brand":[],"product_cat":[1231],"product_tag":[1429,1368],"class_list":{"0":"post-6240","1":"product","2":"type-product","3":"status-publish","4":"has-post-thumbnail","6":"product_cat-elektro-uzlade","7":"product_tag-ev-charger","8":"product_tag-invertors","10":"first","11":"onbackorder","12":"taxable","13":"shipping-taxable","14":"purchasable","15":"product-type-simple"},"acf":[],"_links":{"self":[{"href":"https:\/\/lemt.lv\/dev\/wp-json\/wp\/v2\/product\/6240","targetHints":{"allow":["GET"]}}],"collection":[{"href":"https:\/\/lemt.lv\/dev\/wp-json\/wp\/v2\/product"}],"about":[{"href":"https:\/\/lemt.lv\/dev\/wp-json\/wp\/v2\/types\/product"}],"wp:featuredmedia":[{"embeddable":true,"href":"https:\/\/lemt.lv\/dev\/wp-json\/wp\/v2\/media\/6246"}],"wp:attachment":[{"href":"https:\/\/lemt.lv\/dev\/wp-json\/wp\/v2\/media?parent=6240"}],"wp:term":[{"taxonomy":"product_brand","embeddable":true,"href":"https:\/\/lemt.lv\/dev\/wp-json\/wp\/v2\/product_brand?post=6240"},{"taxonomy":"product_cat","embeddable":true,"href":"https:\/\/lemt.lv\/dev\/wp-json\/wp\/v2\/product_cat?post=6240"},{"taxonomy":"product_tag","embeddable":true,"href":"https:\/\/lemt.lv\/dev\/wp-json\/wp\/v2\/product_tag?post=6240"}],"curies":[{"name":"wp","href":"https:\/\/api.w.org\/{rel}","templated":true}]}}