{"id":6197,"date":"2024-01-16T10:26:28","date_gmt":"2024-01-16T08:26:28","guid":{"rendered":"https:\/\/lemt.lv\/?post_type=product&#038;p=6197"},"modified":"2025-04-10T05:45:10","modified_gmt":"2025-04-10T02:45:10","slug":"sienas-montazas-gaismeklis-m-wall-pro-40w-3000-4000k-ip66-5400lm","status":"publish","type":"product","link":"https:\/\/lemt.lv\/dev\/produkts\/sienas-montazas-gaismeklis-m-wall-pro-40w-3000-4000k-ip66-5400lm\/","title":{"rendered":"Sienas mont\u0101zas gaismeklis M-Wall Pro, 40W, 4000K, IP66, 5400lm"},"content":{"rendered":"<p>M\u016bsdien\u012bgs sienas gaismeklis ar iztur\u012bgu dizainu. R\u016bpniecisko \u0113ku \u0101rpuses, ieeju uc apgaismo\u0161anai. Komplekt\u0101 ar 10kV p\u0101rsprieguma aizsardz\u012bbas ier\u012bci. Piem\u0113rots lieto\u0161anai \u0101rpus telp\u0101m, pateicoties t\u0101 IP66 aizsardz\u012bbas klasei. Korpusa kr\u0101sa melna .Izstarot\u0101s gaismas k\u0101su temperat\u016bra 4000K.\u00a0 Korpuss izgatavots no pulverkr\u0101sota presform\u0101ta alum\u012bnija. Priek\u0161puse izgatavota no polikarbon\u0101ta<\/p>\n<div class=\"notranslate\" style=\"all: initial;\"><\/div>\n","protected":false},"excerpt":{"rendered":"<p>M\u016bsdien\u012bgs sienas gaismeklis ar iztur\u012bgu dizainu. R\u016bpniecisko \u0113ku \u0101rpuses, ieeju uc apgaismo\u0161anai. Komplekt\u0101 ar 10kV p\u0101rsprieguma aizsardz\u012bbas ier\u012bci. Piem\u0113rots lieto\u0161anai \u0101rpus telp\u0101m, pateicoties t\u0101 IP66 aizsardz\u012bbas klasei. Korpusa kr\u0101sa melna .Izstarot\u0101s gaismas k\u0101su temperat\u016bra 4000K.\u00a0 Korpuss izgatavots no pulverkr\u0101sota presform\u0101ta alum\u012bnija. Priek\u0161puse izgatavota no polikarbon\u0101ta<\/p>\n","protected":false},"featured_media":6203,"template":"","meta":{"_acf_changed":false},"product_brand":[],"product_cat":[1423],"product_tag":[],"class_list":{"0":"post-6197","1":"product","2":"type-product","3":"status-publish","4":"has-post-thumbnail","6":"product_cat-sienas-montazas-gaismekli","8":"first","9":"onbackorder","10":"taxable","11":"shipping-taxable","12":"purchasable","13":"product-type-simple"},"acf":[],"_links":{"self":[{"href":"https:\/\/lemt.lv\/dev\/wp-json\/wp\/v2\/product\/6197","targetHints":{"allow":["GET"]}}],"collection":[{"href":"https:\/\/lemt.lv\/dev\/wp-json\/wp\/v2\/product"}],"about":[{"href":"https:\/\/lemt.lv\/dev\/wp-json\/wp\/v2\/types\/product"}],"wp:featuredmedia":[{"embeddable":true,"href":"https:\/\/lemt.lv\/dev\/wp-json\/wp\/v2\/media\/6203"}],"wp:attachment":[{"href":"https:\/\/lemt.lv\/dev\/wp-json\/wp\/v2\/media?parent=6197"}],"wp:term":[{"taxonomy":"product_brand","embeddable":true,"href":"https:\/\/lemt.lv\/dev\/wp-json\/wp\/v2\/product_brand?post=6197"},{"taxonomy":"product_cat","embeddable":true,"href":"https:\/\/lemt.lv\/dev\/wp-json\/wp\/v2\/product_cat?post=6197"},{"taxonomy":"product_tag","embeddable":true,"href":"https:\/\/lemt.lv\/dev\/wp-json\/wp\/v2\/product_tag?post=6197"}],"curies":[{"name":"wp","href":"https:\/\/api.w.org\/{rel}","templated":true}]}}