{"id":6179,"date":"2024-01-15T16:40:06","date_gmt":"2024-01-15T14:40:06","guid":{"rendered":"https:\/\/lemt.lv\/?post_type=product&#038;p=6179"},"modified":"2025-04-10T05:45:10","modified_gmt":"2025-04-10T02:45:10","slug":"sienas-montazas-gaismeklis-boda-siena-8w-4000k-ip54-m-grey","status":"publish","type":"product","link":"https:\/\/lemt.lv\/dev\/produkts\/sienas-montazas-gaismeklis-boda-siena-8w-4000k-ip54-m-grey\/","title":{"rendered":"Sienas mont\u0101zas gaismeklis BODA SIENA 8W 4000K IP54 M.GREY"},"content":{"rendered":"<p>Dekorat\u012bvs, nevainojami apa\u013cas formas sienas gaismeklis. Piem\u0113rots lieto\u0161anai \u0101rpus telp\u0101m, pateicoties t\u0101 IP54 aizsardz\u012bbas klasei. Korpusa kr\u0101sas: balts, tum\u0161i pel\u0113ks, sudrabots. Izstarot\u0101s gaismas k\u0101su temperat\u016bra 3000K vai 4000K. Pas\u016btot deta\u013cas tiek preciz\u0113tas.<\/p>\n","protected":false},"excerpt":{"rendered":"<p>Dekorat\u012bvs, nevainojami apa\u013cas formas sienas gaismeklis. Piem\u0113rots lieto\u0161anai \u0101rpus telp\u0101m, pateicoties t\u0101 IP54 aizsardz\u012bbas klasei. Korpusa kr\u0101sas: balts, tum\u0161i pel\u0113ks, sudrabots. Izstarot\u0101s gaismas k\u0101su temperat\u016bra 3000K vai 4000K. Pas\u016btot deta\u013cas tiek preciz\u0113tas.<\/p>\n","protected":false},"featured_media":6176,"template":"","meta":{"_acf_changed":false},"product_brand":[],"product_cat":[1423],"product_tag":[],"class_list":{"0":"post-6179","1":"product","2":"type-product","3":"status-publish","4":"has-post-thumbnail","6":"product_cat-sienas-montazas-gaismekli","8":"first","9":"onbackorder","10":"taxable","11":"shipping-taxable","12":"purchasable","13":"product-type-simple"},"acf":[],"_links":{"self":[{"href":"https:\/\/lemt.lv\/dev\/wp-json\/wp\/v2\/product\/6179","targetHints":{"allow":["GET"]}}],"collection":[{"href":"https:\/\/lemt.lv\/dev\/wp-json\/wp\/v2\/product"}],"about":[{"href":"https:\/\/lemt.lv\/dev\/wp-json\/wp\/v2\/types\/product"}],"wp:featuredmedia":[{"embeddable":true,"href":"https:\/\/lemt.lv\/dev\/wp-json\/wp\/v2\/media\/6176"}],"wp:attachment":[{"href":"https:\/\/lemt.lv\/dev\/wp-json\/wp\/v2\/media?parent=6179"}],"wp:term":[{"taxonomy":"product_brand","embeddable":true,"href":"https:\/\/lemt.lv\/dev\/wp-json\/wp\/v2\/product_brand?post=6179"},{"taxonomy":"product_cat","embeddable":true,"href":"https:\/\/lemt.lv\/dev\/wp-json\/wp\/v2\/product_cat?post=6179"},{"taxonomy":"product_tag","embeddable":true,"href":"https:\/\/lemt.lv\/dev\/wp-json\/wp\/v2\/product_tag?post=6179"}],"curies":[{"name":"wp","href":"https:\/\/api.w.org\/{rel}","templated":true}]}}