{"id":6166,"date":"2024-01-15T15:56:26","date_gmt":"2024-01-15T13:56:26","guid":{"rendered":"https:\/\/lemt.lv\/?post_type=product&#038;p=6166"},"modified":"2025-09-03T10:45:04","modified_gmt":"2025-09-03T07:45:04","slug":"parku-gaismeklis-led-m-park-pro-ii-40w-5500lm-4000k-ip65-antracits","status":"publish","type":"product","link":"https:\/\/lemt.lv\/dev\/produkts\/parku-gaismeklis-led-m-park-pro-ii-40w-5500lm-4000k-ip65-antracits\/","title":{"rendered":"Parku gaismeklis LED M-Park PRO II 40W 5500lm 4000K, IP65, antrac\u012bts"},"content":{"rendered":"<p>Parku gaismeklis LED. Ask\u0113tisks vienk\u0101r\u0161a dizaina parku gaismeklis ar cepuri, alum\u012bnija korpusu, mont\u0101\u017eai uz staba D60, trieciena klasifik\u0101cija IK08, IP65, LED gaismas pl\u016bsma 5500lm, ar gaismas avota tipu CRI&gt; 70, 4000K, Stara len\u0137is 90` Komplekt\u0101 ar 7 m kabeli (H07RN-F 3G1,5 mm\u00b2). Uzst\u0101d\u012b\u0161anas augstums 4-6m. CRI=Ra\u226580<\/p>\n","protected":false},"excerpt":{"rendered":"<p>Parku gaismeklis LED m\u016bsdien\u012bg\u0101 dizain\u0101. Paredz\u0113ts g\u0101j\u0113ju\/velosip\u0113distu celi\u0146u, autost\u0101vvietu uc apgaismo\u0161anai. Apr\u012bkots ar 10kV p\u0101rsprieguma aizsardz\u012bbu.<\/p>\n<p>Ask\u0113tisks vienk\u0101r\u0161a dizaina parku gaismeklis ar cepuri, alum\u012bnija korpusu, mont\u0101\u017eai uz staba D60 Trieciena iztur\u012bbas klase\u00a0 IK08, IP65, LED gaismas pl\u016bsma 5500lm,\u00a0 4000K,\u00a0 Stara len\u0137is 90`\u00a0 LED gaismeklis komplekt\u0113jas ar 7 m kabeli (H07RN-F 3G1,5 mm\u00b2). Optim\u0101lais uzst\u0101d\u012b\u0161anas augstums 4-6m. CRI=Ra\u226580. Paredzamais darba m\u016b\u017e\u0161 50 000 h (L80 B10)<\/p>\n<p>&#8220;Malmbergs ir vado\u0161ais elektrisko materi\u0101lu pieg\u0101d\u0101t\u0101js darbuz\u0146\u0113m\u0113jiem, r\u016bpniec\u012bbai un mazumtirgot\u0101jiem Zieme\u013cvalstu tirg\u016b. M\u0113s veidojam ce\u013cu starp ra\u017eot\u0101jiem un klientu p\u0113c iesp\u0113jas viegl\u0101ku un rentablu.&#8221;<br \/>\nGrupa Malmbergs dibin\u0101ta 1981.gad\u0101 un 1999.gad\u0101 tika kot\u0113ta Stokholmas bir\u017e\u0101. Malmbergam ir meitas uz\u0146\u0113mumi Norv\u0113\u0123ij\u0101, D\u0101nij\u0101, Somij\u0101, Anglij\u0101 un Honkong\u0101. Lielie iepirkumu apjomi un konkur\u0113tsp\u0113j\u012bgas cenas ir padar\u012bju\u0161as uz\u0146\u0113mumu \u013coti ienes\u012bgu. Ieguldot agr\u012bn\u0101 projekt\u0113\u0161anas un in\u017eenierijas proces\u0101, vi\u0146i nodro\u0161ina augstas kvalit\u0101tes produktus par zem\u0101m vairumtirdzniec\u012bbas cen\u0101m.<\/p>\n<p>M\u0113s izvirz\u0101m stingras kvalit\u0101tes pras\u012bbas un cie\u0161i sadarbojamies ar saviem pieg\u0101d\u0101t\u0101jiem, k\u0101 ar\u012b akt\u012bvi piedal\u0101mies produktu un to dro\u0161\u012bbas izstr\u0101d\u0113. Tas dod mums priek\u0161roc\u012bbas efekt\u012bvi str\u0101d\u0101t ar kvalit\u0101tes kontroli vis\u0101 produktu \u0137\u0113d\u0113. Protams, visi m\u016bsu produkti tiek r\u016bp\u012bgi p\u0101rbaud\u012bti, pirms tie tiek iek\u013cauti m\u016bsu programm\u0101. M\u016bsu klientam ir j\u0101j\u016btas dro\u0161i, pas\u016btot produktus no mums, t\u0101p\u0113c visi produkti ir apstiprin\u0101ti un sertific\u0113ti atbilsto\u0161i Eiropas un starptautiskajiem standartiem.<\/p>\n<p>&nbsp;<\/p>\n","protected":false},"featured_media":6172,"template":"","meta":{"_acf_changed":false},"product_brand":[],"product_cat":[1117],"product_tag":[],"class_list":{"0":"post-6166","1":"product","2":"type-product","3":"status-publish","4":"has-post-thumbnail","6":"product_cat-ielu-un-parku-gaismekli","8":"first","9":"onbackorder","10":"taxable","11":"shipping-taxable","12":"purchasable","13":"product-type-simple"},"acf":[],"_links":{"self":[{"href":"https:\/\/lemt.lv\/dev\/wp-json\/wp\/v2\/product\/6166","targetHints":{"allow":["GET"]}}],"collection":[{"href":"https:\/\/lemt.lv\/dev\/wp-json\/wp\/v2\/product"}],"about":[{"href":"https:\/\/lemt.lv\/dev\/wp-json\/wp\/v2\/types\/product"}],"wp:featuredmedia":[{"embeddable":true,"href":"https:\/\/lemt.lv\/dev\/wp-json\/wp\/v2\/media\/6172"}],"wp:attachment":[{"href":"https:\/\/lemt.lv\/dev\/wp-json\/wp\/v2\/media?parent=6166"}],"wp:term":[{"taxonomy":"product_brand","embeddable":true,"href":"https:\/\/lemt.lv\/dev\/wp-json\/wp\/v2\/product_brand?post=6166"},{"taxonomy":"product_cat","embeddable":true,"href":"https:\/\/lemt.lv\/dev\/wp-json\/wp\/v2\/product_cat?post=6166"},{"taxonomy":"product_tag","embeddable":true,"href":"https:\/\/lemt.lv\/dev\/wp-json\/wp\/v2\/product_tag?post=6166"}],"curies":[{"name":"wp","href":"https:\/\/api.w.org\/{rel}","templated":true}]}}