{"id":5951,"date":"2022-10-31T10:58:37","date_gmt":"2022-10-31T08:58:37","guid":{"rendered":"https:\/\/lemt.lv\/?post_type=product&#038;p=5951"},"modified":"2025-04-10T05:45:11","modified_gmt":"2025-04-10T02:45:11","slug":"saules-panelis-tiger-pro-54hc-410w","status":"publish","type":"product","link":"https:\/\/lemt.lv\/dev\/produkts\/saules-panelis-tiger-pro-54hc-410w\/","title":{"rendered":"Saules panelis Tiger Neo Typ N 54HL4 425W"},"content":{"rendered":"<p>JinKO Solar CO., LTD Saules panelis Tiger Neo Typ N 54HL4 425W<br \/>\nSertific\u0113ts, lai iztur\u0113tu paaugstin\u0101tu v\u0113ja slodzi (2400 Pascal) un sniega slodzi (5400 Pascal).<\/p>\n<p>IZM\u0112RI: 1722\u00d71134\u00d730mm<br \/>\nSVARS: 22 kg<\/p>\n<p>SMBB tehnolo\u0123ija : Lab\u0101ka gaismas uztver\u0161ana un str\u0101vas sav\u0101k\u0161ana, lai uzlabotu modu\u013ca jaudu un uzticam\u012bba<\/p>\n<p>Hot 2.0 tehnolo\u0123ija : N-veida modulim ar Hot 2.0 tehnolo\u0123iju ir augst\u0101ka uzticam\u012bba un zem\u0101ks LID\/LETID<br \/>\nPRIEK\u0160\u0112JAIS STIKLS: Augstas caurlaid\u012bbas, zems dzelzs l\u012bmenis, 3,2mm pret atstarojuma\u00a0 p\u0101rkl\u0101juma r\u016bd\u012bts stikls ,<br \/>\nIP68, Augsta s\u0101ls un sk\u0101bes notur\u012bba.<\/p>\n<p>IZEJAS KABE\u013bI: 4.0mm\u00b2 (12AWG), Positive(+)400mm, Negative(-)200mm<\/p>\n","protected":false},"excerpt":{"rendered":"<p>JinKO Solar CO., LTD Saules panelis Tiger Neo Typ N 54HL4 425W Sertific\u0113ts, lai iztur\u0113tu paaugstin\u0101tu v\u0113ja slodzi (2400 Pascal) un sniega slodzi (5400 Pascal). IZM\u0112RI: 1722\u00d71134\u00d730mm SVARS: 22 kg SMBB tehnolo\u0123ija : Lab\u0101ka gaismas uztver\u0161ana un str\u0101vas sav\u0101k\u0161ana, lai uzlabotu modu\u013ca jaudu un uzticam\u012bba Hot 2.0 tehnolo\u0123ija : N-veida modulim ar Hot 2.0 tehnolo\u0123iju [&hellip;]<\/p>\n","protected":false},"featured_media":5904,"template":"","meta":{"_acf_changed":false},"product_brand":[],"product_cat":[1301],"product_tag":[],"class_list":{"0":"post-5951","1":"product","2":"type-product","3":"status-publish","4":"has-post-thumbnail","6":"product_cat-saules-paneli","8":"first","9":"onbackorder","10":"taxable","11":"shipping-taxable","12":"purchasable","13":"product-type-simple"},"acf":[],"_links":{"self":[{"href":"https:\/\/lemt.lv\/dev\/wp-json\/wp\/v2\/product\/5951","targetHints":{"allow":["GET"]}}],"collection":[{"href":"https:\/\/lemt.lv\/dev\/wp-json\/wp\/v2\/product"}],"about":[{"href":"https:\/\/lemt.lv\/dev\/wp-json\/wp\/v2\/types\/product"}],"wp:featuredmedia":[{"embeddable":true,"href":"https:\/\/lemt.lv\/dev\/wp-json\/wp\/v2\/media\/5904"}],"wp:attachment":[{"href":"https:\/\/lemt.lv\/dev\/wp-json\/wp\/v2\/media?parent=5951"}],"wp:term":[{"taxonomy":"product_brand","embeddable":true,"href":"https:\/\/lemt.lv\/dev\/wp-json\/wp\/v2\/product_brand?post=5951"},{"taxonomy":"product_cat","embeddable":true,"href":"https:\/\/lemt.lv\/dev\/wp-json\/wp\/v2\/product_cat?post=5951"},{"taxonomy":"product_tag","embeddable":true,"href":"https:\/\/lemt.lv\/dev\/wp-json\/wp\/v2\/product_tag?post=5951"}],"curies":[{"name":"wp","href":"https:\/\/api.w.org\/{rel}","templated":true}]}}