{"id":5818,"date":"2022-07-05T14:03:49","date_gmt":"2022-07-05T11:03:49","guid":{"rendered":"https:\/\/lemt.lv\/?post_type=product&#038;p=5818"},"modified":"2022-07-05T15:52:01","modified_gmt":"2022-07-05T12:52:01","slug":"veja-generators-200w-flower-power-1m","status":"publish","type":"product","link":"https:\/\/lemt.lv\/dev\/produkts\/veja-generators-200w-flower-power-1m\/","title":{"rendered":"V\u0113ja \u0123enerators 200W, Flower power 1m"},"content":{"rendered":"<p>FLOWER POWER&#8217;S TURB\u012aNA IR VERTIK\u0100L\u0100S ASS V\u0112JA \u0122ENERATORS. DIVI SP\u0100RNI GRIE\u017d\u0100S PULKSTE\u0145A R\u0100D\u012aT\u0100JA VIRZIEN\u0100 UN VAR UZ\u0145EMT V\u0112JU NO JEBKURA\u00a0 VIRZIENA. TURB\u012aNAS\u00a0 ASME\u0145I IR IZGATAVOTI NO STIKLA\u0160\u0136IEDRAS. T\u0100 IR APR\u012aKOTA AR JAUD\u012aGU \u0122ENERATORU, KURU PAPILDUS IESP\u0112JAMS NOKOMPLEKT\u0112T\u00a0 UZL\u0100DES KONTROLI, AKUMULATORU UN SAULES PANE\u013bIEM. M\u016aSU TURB\u012aNA VAR DARBOTIES PIE ZEMA V\u0112JA \u0100TRUMA. PAPILDUS J\u016aS VARAT IZV\u0112L\u0112TIES INDIVIDU\u0100LU DIZAINU, LAI SASKA\u0145OTU TURB\u012aNAS KR\u0100SU NOFORM\u0112JUMU AR APK\u0100RT\u0112JO VIDI.<\/p>\n<div class=\"video-wysiwyg\"><iframe loading=\"lazy\" title=\"Are \u2018tulip turbines\u2019 the answer to energy eyesores?\" width=\"500\" height=\"281\" src=\"https:\/\/www.youtube.com\/embed\/p_4k6E70taQ?feature=oembed\" frameborder=\"0\" allow=\"accelerometer; autoplay; clipboard-write; encrypted-media; gyroscope; picture-in-picture; web-share\" referrerpolicy=\"strict-origin-when-cross-origin\" allowfullscreen><\/iframe><\/div>\n","protected":false},"excerpt":{"rendered":"<p>FLOWER POWER&#8217;S TURB\u012aNA IR VERTIK\u0100L\u0100S ASS V\u0112JA \u0122ENERATORS. DIVI SP\u0100RNI GRIE\u017d\u0100S PULKSTE\u0145A R\u0100D\u012aT\u0100JA VIRZIEN\u0100 UN VAR UZ\u0145EMT V\u0112JU NO JEBKURA\u00a0 VIRZIENA. TURB\u012aNAS\u00a0 ASME\u0145I IR IZGATAVOTI NO STIKLA\u0160\u0136IEDRAS. T\u0100 IR APR\u012aKOTA AR JAUD\u012aGU \u0122ENERATORU, KURU PAPILDUS IESP\u0112JAMS NOKOMPLEKT\u0112T\u00a0 UZL\u0100DES KONTROLI, AKUMULATORU UN SAULES PANE\u013bIEM. M\u016aSU TURB\u012aNA VAR DARBOTIES PIE ZEMA V\u0112JA \u0100TRUMA. PAPILDUS J\u016aS VARAT IZV\u0112L\u0112TIES [&hellip;]<\/p>\n","protected":false},"featured_media":5826,"template":"","meta":{"_acf_changed":false},"product_brand":[],"product_cat":[1228],"product_tag":[],"class_list":{"0":"post-5818","1":"product","2":"type-product","3":"status-publish","4":"has-post-thumbnail","6":"product_cat-veja-energija","8":"first","9":"instock","10":"taxable","11":"shipping-taxable","12":"purchasable","13":"product-type-simple"},"acf":[],"_links":{"self":[{"href":"https:\/\/lemt.lv\/dev\/wp-json\/wp\/v2\/product\/5818","targetHints":{"allow":["GET"]}}],"collection":[{"href":"https:\/\/lemt.lv\/dev\/wp-json\/wp\/v2\/product"}],"about":[{"href":"https:\/\/lemt.lv\/dev\/wp-json\/wp\/v2\/types\/product"}],"wp:featuredmedia":[{"embeddable":true,"href":"https:\/\/lemt.lv\/dev\/wp-json\/wp\/v2\/media\/5826"}],"wp:attachment":[{"href":"https:\/\/lemt.lv\/dev\/wp-json\/wp\/v2\/media?parent=5818"}],"wp:term":[{"taxonomy":"product_brand","embeddable":true,"href":"https:\/\/lemt.lv\/dev\/wp-json\/wp\/v2\/product_brand?post=5818"},{"taxonomy":"product_cat","embeddable":true,"href":"https:\/\/lemt.lv\/dev\/wp-json\/wp\/v2\/product_cat?post=5818"},{"taxonomy":"product_tag","embeddable":true,"href":"https:\/\/lemt.lv\/dev\/wp-json\/wp\/v2\/product_tag?post=5818"}],"curies":[{"name":"wp","href":"https:\/\/api.w.org\/{rel}","templated":true}]}}