{"id":5793,"date":"2022-07-05T13:57:12","date_gmt":"2022-07-05T10:57:12","guid":{"rendered":"https:\/\/lemt.lv\/?post_type=product&#038;p=5793"},"modified":"2022-07-05T14:11:15","modified_gmt":"2022-07-05T11:11:15","slug":"veja-generators-500w-flower-power-3m","status":"publish","type":"product","link":"https:\/\/lemt.lv\/dev\/produkts\/veja-generators-500w-flower-power-3m\/","title":{"rendered":"V\u0113ja \u0123enerators 500W, Flower power 3m"},"content":{"rendered":"<p>FLOWER POWER&#8217;S TURB\u012aNA IR VERTIK\u0100L\u0100S ASS V\u0112JA TURB\u012aNA. DIVI SP\u0100RNI GROZ\u0100S PULKSTE\u0145A VIRZIEN\u0100 UN VAR UZ\u0145EMT V\u0112JU NO JEBKURA V\u0112JA VIRZIENA. T\u0100 ASME\u0145I IR IZGATAVOTI NO STIKLA\u0160\u0136IEDRAS; TURB\u012aNA APR\u012aKOTA AR JAUD\u012aGU \u0122ENERATORU, UZL\u0100DES KONTROLI, AKUMULATORU UN SAULES PANE\u013bIEM. M\u016aSU TURB\u012aNA VAR DARBOTIES PIE ZEMA V\u0112JA \u0100TRUMA. PAPILDUS J\u016aS VARAT IZV\u0112L\u0112TIES DIZAINU, LAI SASKA\u0145OTU TO AR APK\u0100RT\u0112JO VIDI.<\/p>\n<div class=\"video-wysiwyg\"><iframe loading=\"lazy\" title=\"Are \u2018tulip turbines\u2019 the answer to energy eyesores?\" width=\"500\" height=\"281\" src=\"https:\/\/www.youtube.com\/embed\/p_4k6E70taQ?feature=oembed\" frameborder=\"0\" allow=\"accelerometer; autoplay; clipboard-write; encrypted-media; gyroscope; picture-in-picture; web-share\" referrerpolicy=\"strict-origin-when-cross-origin\" allowfullscreen><\/iframe><\/div>\n","protected":false},"excerpt":{"rendered":"<p>FLOWER POWER&#8217;S TURB\u012aNA IR VERTIK\u0100L\u0100S ASS V\u0112JA TURB\u012aNA. DIVI SP\u0100RNI GROZ\u0100S PULKSTE\u0145A VIRZIEN\u0100 UN VAR UZ\u0145EMT V\u0112JU NO JEBKURA V\u0112JA VIRZIENA. T\u0100 ASME\u0145I IR IZGATAVOTI NO STIKLA\u0160\u0136IEDRAS; TURB\u012aNA APR\u012aKOTA AR JAUD\u012aGU \u0122ENERATORU, UZL\u0100DES KONTROLI, AKUMULATORU UN SAULES PANE\u013bIEM. M\u016aSU TURB\u012aNA VAR DARBOTIES PIE ZEMA V\u0112JA \u0100TRUMA. PAPILDUS J\u016aS VARAT IZV\u0112L\u0112TIES DIZAINU, LAI SASKA\u0145OTU TO AR [&hellip;]<\/p>\n","protected":false},"featured_media":5803,"template":"","meta":{"_acf_changed":false},"product_brand":[],"product_cat":[1228],"product_tag":[],"class_list":{"0":"post-5793","1":"product","2":"type-product","3":"status-publish","4":"has-post-thumbnail","6":"product_cat-veja-energija","8":"first","9":"instock","10":"taxable","11":"shipping-taxable","12":"purchasable","13":"product-type-simple"},"acf":[],"_links":{"self":[{"href":"https:\/\/lemt.lv\/dev\/wp-json\/wp\/v2\/product\/5793","targetHints":{"allow":["GET"]}}],"collection":[{"href":"https:\/\/lemt.lv\/dev\/wp-json\/wp\/v2\/product"}],"about":[{"href":"https:\/\/lemt.lv\/dev\/wp-json\/wp\/v2\/types\/product"}],"wp:featuredmedia":[{"embeddable":true,"href":"https:\/\/lemt.lv\/dev\/wp-json\/wp\/v2\/media\/5803"}],"wp:attachment":[{"href":"https:\/\/lemt.lv\/dev\/wp-json\/wp\/v2\/media?parent=5793"}],"wp:term":[{"taxonomy":"product_brand","embeddable":true,"href":"https:\/\/lemt.lv\/dev\/wp-json\/wp\/v2\/product_brand?post=5793"},{"taxonomy":"product_cat","embeddable":true,"href":"https:\/\/lemt.lv\/dev\/wp-json\/wp\/v2\/product_cat?post=5793"},{"taxonomy":"product_tag","embeddable":true,"href":"https:\/\/lemt.lv\/dev\/wp-json\/wp\/v2\/product_tag?post=5793"}],"curies":[{"name":"wp","href":"https:\/\/api.w.org\/{rel}","templated":true}]}}