{"id":5765,"date":"2022-07-05T10:36:12","date_gmt":"2022-07-05T07:36:12","guid":{"rendered":"https:\/\/lemt.lv\/?post_type=product&#038;p=5765"},"modified":"2025-04-10T05:45:12","modified_gmt":"2025-04-10T02:45:12","slug":"viedais-skaititajs-saules-sistemam-tpm-e-3f4w","status":"publish","type":"product","link":"https:\/\/lemt.lv\/dev\/produkts\/viedais-skaititajs-saules-sistemam-tpm-e-3f4w\/","title":{"rendered":"Viedais skait\u012bt\u0101js saules sist\u0113m\u0101m TPM-E 3F4W"},"content":{"rendered":"<p>Growatt Smart Meter TPM-E (SDM630) tr\u012bsf\u0101zu daudzfunkciju 100A tie\u0161\u0101s sl\u0113guma DIN sliedes elektr\u012bbas skait\u012bt\u0101js kas apvieno sev\u012b risin\u0101jumu t\u012bkla eksporta ierobe\u017eo\u0161anai un pa\u0161pat\u0113ri\u0146a uzraudz\u012bbai. Skait\u012bt\u0101js\u00a0 ir savietojams gan ar Growatt on grid gan\u00a0 saules ener\u0123ijas uzkr\u0101jo\u0161iem invertoriem. Pateicoties RS485 komunik\u0101cijai un tie\u0161ajam savienojumam ar invertoru, to ir viegli uzst\u0101d\u012bt un vad\u012bt.\u00a0 Growatt pied\u0101v\u0101jum\u0101 ir gan tie\u0161\u0101 sl\u0113guma skait\u012bt\u0101ji gan CT (caur str\u0101vmai\u0146iem) piesl\u0113dzami modu\u013ci.<\/p>\n<p>M\u0113r\u012bjumu precizit\u0101tes klase 1<\/p>\n<p>LCD displejs apgaismots un labi p\u0101rredzams no da\u017e\u0101diem skata punktiem<\/p>\n<p>Plug-and-play, Viegli iestat\u0101ms un p\u0101rbaud\u0101ms, vienk\u0101r\u0161a izv\u0113l\u0146u navig\u0101cija<\/p>\n<p>RF komunik\u0101cijas atbalsts ar Raillog<\/p>\n<p>Ener\u0123ijas p\u0101rvalde ar ShineLink<\/p>\n<p>Viegla un \u0101tra plug-and-play uzst\u0101d\u012b\u0161ana<\/p>\n<p>Prec\u012bza faktisk\u0101 pat\u0113ri\u0146a m\u0113r\u012b\u0161ana<\/p>\n<p>MID sertifik\u0101cija (B un D)<\/p>\n<p>3 F\u0101zu 100A ieeja<\/p>\n<p>\u010cetru modu\u013cu DIN sliedes mont\u0101\u017ea<\/p>\n<p>Ieb\u016bv\u0113ts Modbus un impulsu izejas (SDM630 Modbus)<\/p>\n<p>Ieb\u016bv\u0113ta Mbus un impulsu izejas (SDM630 Mbus)<\/p>\n","protected":false},"excerpt":{"rendered":"<p>Growatt Smart Meter TPM-E (SDM630) tr\u012bsf\u0101zu daudzfunkciju 100A tie\u0161\u0101s sl\u0113guma DIN sliedes elektr\u012bbas skait\u012bt\u0101js kas apvieno sev\u012b risin\u0101jumu t\u012bkla eksporta ierobe\u017eo\u0161anai un pa\u0161pat\u0113ri\u0146a uzraudz\u012bbai. Skait\u012bt\u0101js\u00a0 ir savietojams gan ar Growatt on grid gan\u00a0 saules ener\u0123ijas uzkr\u0101jo\u0161iem invertoriem. Pateicoties RS485 komunik\u0101cijai un tie\u0161ajam savienojumam ar invertoru, to ir viegli uzst\u0101d\u012bt un vad\u012bt.\u00a0 Growatt pied\u0101v\u0101jum\u0101 ir gan [&hellip;]<\/p>\n","protected":false},"featured_media":5786,"template":"","meta":{"_acf_changed":false},"product_brand":[],"product_cat":[1371],"product_tag":[1367,1368],"class_list":{"0":"post-5765","1":"product","2":"type-product","3":"status-publish","4":"has-post-thumbnail","6":"product_cat-saules-sistemu-aksesuari","7":"product_tag-growatt","8":"product_tag-invertors","10":"first","11":"onbackorder","12":"taxable","13":"shipping-taxable","14":"purchasable","15":"product-type-simple"},"acf":[],"_links":{"self":[{"href":"https:\/\/lemt.lv\/dev\/wp-json\/wp\/v2\/product\/5765","targetHints":{"allow":["GET"]}}],"collection":[{"href":"https:\/\/lemt.lv\/dev\/wp-json\/wp\/v2\/product"}],"about":[{"href":"https:\/\/lemt.lv\/dev\/wp-json\/wp\/v2\/types\/product"}],"wp:featuredmedia":[{"embeddable":true,"href":"https:\/\/lemt.lv\/dev\/wp-json\/wp\/v2\/media\/5786"}],"wp:attachment":[{"href":"https:\/\/lemt.lv\/dev\/wp-json\/wp\/v2\/media?parent=5765"}],"wp:term":[{"taxonomy":"product_brand","embeddable":true,"href":"https:\/\/lemt.lv\/dev\/wp-json\/wp\/v2\/product_brand?post=5765"},{"taxonomy":"product_cat","embeddable":true,"href":"https:\/\/lemt.lv\/dev\/wp-json\/wp\/v2\/product_cat?post=5765"},{"taxonomy":"product_tag","embeddable":true,"href":"https:\/\/lemt.lv\/dev\/wp-json\/wp\/v2\/product_tag?post=5765"}],"curies":[{"name":"wp","href":"https:\/\/api.w.org\/{rel}","templated":true}]}}