{"id":5737,"date":"2022-07-04T15:48:28","date_gmt":"2022-07-04T12:48:28","guid":{"rendered":"https:\/\/lemt.lv\/?post_type=product&#038;p=5737"},"modified":"2025-04-10T05:45:12","modified_gmt":"2025-04-10T02:45:12","slug":"elektro-auto-uzlades-stacija-growatt-ev-smart-11kw-3f-wifi","status":"publish","type":"product","link":"https:\/\/lemt.lv\/dev\/produkts\/elektro-auto-uzlades-stacija-growatt-ev-smart-11kw-3f-wifi\/","title":{"rendered":"Elektro auto uzl\u0101des stacija Growatt EV smart 11kW 3f Wifi"},"content":{"rendered":"<p>THOR s\u0113rijas inteli\u0123entais tr\u012bsf\u0101zu mai\u0146str\u0101vas l\u0101d\u0113t\u0101js\u00a0 izmantojot progres\u012bvu uzl\u0101des tehnolo\u0123iju\u00a0 nodro\u0161ina ener\u0123ijas pieg\u0101di elektrisk\u0101s uzl\u0101des transporta l\u012bdzek\u013ciem.<\/p>\n<p>Stacijai ir\u00a0 draudz\u012bgs lietot\u0101ja interfeiss un daudzpus\u012bgas vad\u012bbas, nor\u0113\u0137inu un sazi\u0146as funkcijas. Izmantojot Mobil\u0101 telefona APP aplik\u0101ciju, l\u0101d\u0113t\u0101ju var piesl\u0113gt back-office serverim, lai realiz\u0113tu rezerv\u0101cijas un apmaksas funkcijas, . Back-office servera savienojumam ir pieejamas daudzveid\u012bgas komunik\u0101cijas iesp\u0113jas, tostarp vadu Ethernet, WIFI, 4G.<\/p>\n<p>Tas ir savietojams ar visu z\u012bmolu elektro auto mode\u013ciem.<\/p>\n<p>Integr\u0101cija eso\u0161aj\u0101 un no jauna uzst\u0101d\u012btaj\u0101 PV sist\u0113m\u0101<\/p>\n<p>Uzl\u0101d\u0113jiet elektro auto ar 100% atjaunojamo ener\u0123iju, izmantojot saules ener\u0123ijas p\u0101rpalikumu<\/p>\n<p>APP vied\u0101 vad\u012bba un vieda pl\u0101no\u0161ana<\/p>\n<p>IP65 dizains lieto\u0161anai iek\u0161telp\u0101s vai \u0101r\u0101<\/p>\n","protected":false},"excerpt":{"rendered":"<p>THOR s\u0113rijas inteli\u0123entais tr\u012bsf\u0101zu mai\u0146str\u0101vas l\u0101d\u0113t\u0101js\u00a0 izmantojot progres\u012bvu uzl\u0101des tehnolo\u0123iju\u00a0 nodro\u0161ina ener\u0123ijas pieg\u0101di elektrisk\u0101s uzl\u0101des transporta l\u012bdzek\u013ciem. Stacijai ir\u00a0 draudz\u012bgs lietot\u0101ja interfeiss un daudzpus\u012bgas vad\u012bbas, nor\u0113\u0137inu un sazi\u0146as funkcijas. Izmantojot Mobil\u0101 telefona APP aplik\u0101ciju, l\u0101d\u0113t\u0101ju var piesl\u0113gt back-office serverim, lai realiz\u0113tu rezerv\u0101cijas un apmaksas funkcijas, . Back-office servera savienojumam ir pieejamas daudzveid\u012bgas komunik\u0101cijas iesp\u0113jas, tostarp [&hellip;]<\/p>\n","protected":false},"featured_media":5740,"template":"","meta":{"_acf_changed":false},"product_brand":[],"product_cat":[1282,1231],"product_tag":[1367,1368],"class_list":{"0":"post-5737","1":"product","2":"type-product","3":"status-publish","4":"has-post-thumbnail","6":"product_cat-invertori","7":"product_cat-elektro-uzlade","8":"product_tag-growatt","9":"product_tag-invertors","11":"first","12":"onbackorder","13":"taxable","14":"shipping-taxable","15":"purchasable","16":"product-type-simple"},"acf":[],"_links":{"self":[{"href":"https:\/\/lemt.lv\/dev\/wp-json\/wp\/v2\/product\/5737","targetHints":{"allow":["GET"]}}],"collection":[{"href":"https:\/\/lemt.lv\/dev\/wp-json\/wp\/v2\/product"}],"about":[{"href":"https:\/\/lemt.lv\/dev\/wp-json\/wp\/v2\/types\/product"}],"wp:featuredmedia":[{"embeddable":true,"href":"https:\/\/lemt.lv\/dev\/wp-json\/wp\/v2\/media\/5740"}],"wp:attachment":[{"href":"https:\/\/lemt.lv\/dev\/wp-json\/wp\/v2\/media?parent=5737"}],"wp:term":[{"taxonomy":"product_brand","embeddable":true,"href":"https:\/\/lemt.lv\/dev\/wp-json\/wp\/v2\/product_brand?post=5737"},{"taxonomy":"product_cat","embeddable":true,"href":"https:\/\/lemt.lv\/dev\/wp-json\/wp\/v2\/product_cat?post=5737"},{"taxonomy":"product_tag","embeddable":true,"href":"https:\/\/lemt.lv\/dev\/wp-json\/wp\/v2\/product_tag?post=5737"}],"curies":[{"name":"wp","href":"https:\/\/api.w.org\/{rel}","templated":true}]}}