{"id":5726,"date":"2022-07-04T15:03:02","date_gmt":"2022-07-04T12:03:02","guid":{"rendered":"https:\/\/lemt.lv\/?post_type=product&#038;p=5726"},"modified":"2025-10-28T15:40:04","modified_gmt":"2025-10-28T13:40:04","slug":"savienojuma-caula-skruvejama-1-5-16mm-d10mm-vara-alvota","status":"publish","type":"product","link":"https:\/\/lemt.lv\/dev\/produkts\/savienojuma-caula-skruvejama-1-5-16mm-d10mm-vara-alvota\/","title":{"rendered":"Savienojuma \u010daula skr\u016bv\u0113jama 1,5-16mm\u00b2 D10mm vara-alvota"},"content":{"rendered":"<p>Kop\u0161 1928.\u00a0gada nosaukums ARCUS ir vien\u0101ds ar kabe\u013cu savienojumu un dro\u0161\u012bbas produktu kvalit\u0101ti un uzticam\u012bbu. ARCUS ELEKTROTECHNIK ALOIS SCHIFFMANN GMBH ir augsti specializ\u0113ts r\u016bpniec\u012bbas uz\u0146\u0113mums, kur\u0101 tiek izstr\u0101d\u0101ti un ra\u017eoti augstas kvalit\u0101tes produkti pasaules tirgum.<\/p>\n<p>Jau daudzus gadus skr\u016bv\u0113jami savienot\u0101ji un skr\u016bv\u0113jami kabe\u013cu uzga\u013ci ir ne tikai alternat\u012bva kompresijas sist\u0113m\u0101m, bet v\u0113l jo vair\u0101k tie pied\u0101v\u0101 papildu priek\u0161roc\u012bbas un iesp\u0113jas. Skr\u016bvju kabe\u013cu savienojumu uzst\u0101d\u012b\u0161ana noz\u012bm\u0113 izveidot savienojumu ar meh\u0101nisk\u0101s un elektrisk\u0101s ilgtermi\u0146a slodzes \u012bpa\u0161\u012bb\u0101m. \u0160is savienojums ir j\u0101izveido ar vienk\u0101r\u0161iem l\u012bdzek\u013ciem\u00a0 sare\u017e\u0123\u012btos apst\u0101k\u013cos. \u0160\u012b savienojuma kvalit\u0101tei j\u0101b\u016bt pietiekami augstai, lai nodro\u0161in\u0101tu uzticam\u012bbu daudzus gadus. Atkar\u012bb\u0101 no to \u012bpa\u0161\u0101 pielietojuma, skr\u016bves savienot\u0101ji un skr\u016bvju kabe\u013cu uzga\u013ci ir apr\u012bkoti ar da\u017e\u0101d\u0101m funkcij\u0101m, kas rada to veidupla\u0161u\u00a0 da\u017e\u0101d\u012bbu. Tiem, kuriem ir j\u0101izv\u0113las no \u0161iem veidiem , ir j\u0101veic apzin\u0101ta un pamatota izv\u0113le. Svar\u012bg\u0101kie krit\u0113riji ir sprieguma l\u012bmenis, kabe\u013ca vadu veids, darba metode un savienojuma vai gala tehnolo\u0123ija. Papildus saist\u012btajiem apst\u0101k\u013ciem past\u0101v vair\u0101ki atlases krit\u0113riji, kas ir atkar\u012bgi no pieredzes un elektroener\u0123ijas pieg\u0101d\u0101t\u0101ju person\u012bgaj\u0101m v\u0113lm\u0113m vai filozofijas.<\/p>\n","protected":false},"excerpt":{"rendered":"<p>Kop\u0161 1928. gada nosaukums ARCUS ir ekvivalents\u00a0 kabe\u013cu savienojumu un dro\u0161\u012bbas produktu kvalit\u0101tei un uzticam\u012bbai. ARCUS ELEKTROTECHNIK ALOIS SCHIFFMANN GMBH ir augsti specializ\u0113ts r\u016bpniec\u012bbas uz\u0146\u0113mums, kur\u0101 tiek izstr\u0101d\u0101ti un ra\u017eoti augstas kvalit\u0101tes produkti pasaules tirgum.<\/p>\n","protected":false},"featured_media":5718,"template":"","meta":{"_acf_changed":false},"product_brand":[],"product_cat":[1360,1366],"product_tag":[],"class_list":{"0":"post-5726","1":"product","2":"type-product","3":"status-publish","4":"has-post-thumbnail","6":"product_cat-vadu-uzgali-un-savienotaji","7":"product_cat-savienojuma-caulas-skruvejamas","9":"first","10":"instock","11":"taxable","12":"shipping-taxable","13":"purchasable","14":"product-type-simple"},"acf":[],"_links":{"self":[{"href":"https:\/\/lemt.lv\/dev\/wp-json\/wp\/v2\/product\/5726","targetHints":{"allow":["GET"]}}],"collection":[{"href":"https:\/\/lemt.lv\/dev\/wp-json\/wp\/v2\/product"}],"about":[{"href":"https:\/\/lemt.lv\/dev\/wp-json\/wp\/v2\/types\/product"}],"wp:featuredmedia":[{"embeddable":true,"href":"https:\/\/lemt.lv\/dev\/wp-json\/wp\/v2\/media\/5718"}],"wp:attachment":[{"href":"https:\/\/lemt.lv\/dev\/wp-json\/wp\/v2\/media?parent=5726"}],"wp:term":[{"taxonomy":"product_brand","embeddable":true,"href":"https:\/\/lemt.lv\/dev\/wp-json\/wp\/v2\/product_brand?post=5726"},{"taxonomy":"product_cat","embeddable":true,"href":"https:\/\/lemt.lv\/dev\/wp-json\/wp\/v2\/product_cat?post=5726"},{"taxonomy":"product_tag","embeddable":true,"href":"https:\/\/lemt.lv\/dev\/wp-json\/wp\/v2\/product_tag?post=5726"}],"curies":[{"name":"wp","href":"https:\/\/api.w.org\/{rel}","templated":true}]}}