{"id":5655,"date":"2022-06-30T11:43:30","date_gmt":"2022-06-30T08:43:30","guid":{"rendered":"https:\/\/lemt.lv\/?post_type=product&#038;p=5655"},"modified":"2025-04-10T05:45:13","modified_gmt":"2025-04-10T02:45:13","slug":"growatt-parnesajama-aukumulatoru-stacija-infinity-1500","status":"publish","type":"product","link":"https:\/\/lemt.lv\/dev\/produkts\/growatt-parnesajama-aukumulatoru-stacija-infinity-1500\/","title":{"rendered":"Growatt p\u0101rn\u0113s\u0101jam\u0101 aukumulatoru stacija INFINITY 1500"},"content":{"rendered":"<p>INFINITY 1500 nodro\u0161ina elektroener\u0123iju situ\u0101cij\u0101s, kad str\u0101vas padeve nav pieejama vai nestabila. Tas ir paredz\u0113ts, lai aizst\u0101tu tradicion\u0101los degvielas \u0123eneratorus, lai pied\u0101v\u0101tu t\u012bru un dro\u0161u p\u0101rn\u0113s\u0101jamu ener\u0123iju \u0101ra aktivit\u0101t\u0113m, m\u0101jas av\u0101rijas dubl\u0113\u0161anai un profesion\u0101\u013ciem.<\/p>\n<p>Stacijai ir 12 izejo\u0161as piesl\u0113guma vietas. Taj\u0101 skait\u0101 4 sadz\u012bves kontaktligzdas, 2 USB C tipa ligzdas, 2 USB A tipa un 2 USB 3 \u0101tr\u0101s uzl\u0101des ligzdas, bezvadu uzl\u0101des vieta, auto piep\u012bp\u0113t\u0101ja ligzda. K\u0101 ar\u012b iesp\u0113jams iek\u0101rtu izmantot UPS re\u017e\u012bm\u0101.<\/p>\n<p>Iek\u0101rtu iep\u0113jams uzl\u0101d\u0113t no AC t\u012bkla, Saules pane\u013ciem un no elektro auto uzl\u0101des iek\u0101rtas.<\/p>\n<p>WiFi un Bluetooth bezvadu protokoli \u013cauj sekot l\u012bdzi iek\u0101rtas st\u0101voklim ar mobil\u0101s aplik\u0101cijas pal\u012bdz\u012bbu.<\/p>\n<p>Jaudas palielin\u0101\u0161nai iep\u0113jams kop\u0101 sal\u0113gt l\u012bdz pat 3 INFINITY 1500 stacij\u0101m.<\/p>\n","protected":false},"excerpt":{"rendered":"<p>INFINITY 1500 nodro\u0161ina elektroener\u0123iju situ\u0101cij\u0101s, kad str\u0101vas padeve nav pieejama vai nestabila. Tas ir paredz\u0113ts, lai aizst\u0101tu tradicion\u0101los degvielas \u0123eneratorus, lai pied\u0101v\u0101tu t\u012bru un dro\u0161u p\u0101rn\u0113s\u0101jamu ener\u0123iju \u0101ra aktivit\u0101t\u0113m, m\u0101jas av\u0101rijas dubl\u0113\u0161anai un profesion\u0101\u013ciem. Stacijai ir 12 izejo\u0161as piesl\u0113guma vietas. Taj\u0101 skait\u0101 4 sadz\u012bves kontaktligzdas, 2 USB C tipa ligzdas, 2 USB A tipa un [&hellip;]<\/p>\n","protected":false},"featured_media":5649,"template":"","meta":{"_acf_changed":false},"product_brand":[],"product_cat":[1297],"product_tag":[],"class_list":{"0":"post-5655","1":"product","2":"type-product","3":"status-publish","4":"has-post-thumbnail","6":"product_cat-parnesajama-akumulatoru-uzlades-stacija","8":"first","9":"onbackorder","10":"taxable","11":"shipping-taxable","12":"purchasable","13":"product-type-simple"},"acf":[],"_links":{"self":[{"href":"https:\/\/lemt.lv\/dev\/wp-json\/wp\/v2\/product\/5655","targetHints":{"allow":["GET"]}}],"collection":[{"href":"https:\/\/lemt.lv\/dev\/wp-json\/wp\/v2\/product"}],"about":[{"href":"https:\/\/lemt.lv\/dev\/wp-json\/wp\/v2\/types\/product"}],"wp:featuredmedia":[{"embeddable":true,"href":"https:\/\/lemt.lv\/dev\/wp-json\/wp\/v2\/media\/5649"}],"wp:attachment":[{"href":"https:\/\/lemt.lv\/dev\/wp-json\/wp\/v2\/media?parent=5655"}],"wp:term":[{"taxonomy":"product_brand","embeddable":true,"href":"https:\/\/lemt.lv\/dev\/wp-json\/wp\/v2\/product_brand?post=5655"},{"taxonomy":"product_cat","embeddable":true,"href":"https:\/\/lemt.lv\/dev\/wp-json\/wp\/v2\/product_cat?post=5655"},{"taxonomy":"product_tag","embeddable":true,"href":"https:\/\/lemt.lv\/dev\/wp-json\/wp\/v2\/product_tag?post=5655"}],"curies":[{"name":"wp","href":"https:\/\/api.w.org\/{rel}","templated":true}]}}