{"id":5411,"date":"2022-06-28T09:44:41","date_gmt":"2022-06-28T06:44:41","guid":{"rendered":"https:\/\/lemt.lv\/?post_type=product&#038;p=5411"},"modified":"2024-09-02T21:53:08","modified_gmt":"2024-09-02T18:53:08","slug":"apsildes-paklajs-platibai-5m2-iwarm-150w-m2-750w-kopija","status":"publish","type":"product","link":"https:\/\/lemt.lv\/dev\/produkts\/apsildes-paklajs-platibai-5m2-iwarm-150w-m2-750w-kopija\/","title":{"rendered":"Gr\u012bdas apsildes pakl\u0101js plat\u012bbai 5m2,  IWARM, 150W\/m2, 750W101"},"content":{"rendered":"<p>Pakl\u0101ja izkl\u0101\u0161anas izm\u0113ri: 0,5m*10m vai 5m2<\/p>\n<p>Gr\u012bdas apsild\u0101m\u0101s plat\u012bbas apr\u0113\u0137in\u0101 iek\u013cauj tikai no stacion\u0101r\u0101m m\u0113bel\u0113m br\u012bvo zonu!<\/p>\n","protected":false},"excerpt":{"rendered":"<p>Pakl\u0101ja izkl\u0101\u0161anas izm\u0113ri: 0,5m*10m vai 5m2 Gr\u012bdas apsild\u0101m\u0101s plat\u012bbas apr\u0113\u0137in\u0101 iek\u013cauj tikai no stacion\u0101r\u0101m m\u0113bel\u0113m br\u012bvo zonu!<\/p>\n","protected":false},"featured_media":5402,"template":"","meta":{"_acf_changed":false},"product_brand":[],"product_cat":[1116],"product_tag":[],"class_list":{"0":"post-5411","1":"product","2":"type-product","3":"status-publish","4":"has-post-thumbnail","6":"product_cat-gridas-apsildes-paklaji","8":"first","9":"instock","10":"sale","11":"taxable","12":"shipping-taxable","13":"purchasable","14":"product-type-simple"},"acf":[],"_links":{"self":[{"href":"https:\/\/lemt.lv\/dev\/wp-json\/wp\/v2\/product\/5411","targetHints":{"allow":["GET"]}}],"collection":[{"href":"https:\/\/lemt.lv\/dev\/wp-json\/wp\/v2\/product"}],"about":[{"href":"https:\/\/lemt.lv\/dev\/wp-json\/wp\/v2\/types\/product"}],"wp:featuredmedia":[{"embeddable":true,"href":"https:\/\/lemt.lv\/dev\/wp-json\/wp\/v2\/media\/5402"}],"wp:attachment":[{"href":"https:\/\/lemt.lv\/dev\/wp-json\/wp\/v2\/media?parent=5411"}],"wp:term":[{"taxonomy":"product_brand","embeddable":true,"href":"https:\/\/lemt.lv\/dev\/wp-json\/wp\/v2\/product_brand?post=5411"},{"taxonomy":"product_cat","embeddable":true,"href":"https:\/\/lemt.lv\/dev\/wp-json\/wp\/v2\/product_cat?post=5411"},{"taxonomy":"product_tag","embeddable":true,"href":"https:\/\/lemt.lv\/dev\/wp-json\/wp\/v2\/product_tag?post=5411"}],"curies":[{"name":"wp","href":"https:\/\/api.w.org\/{rel}","templated":true}]}}