{"id":5275,"date":"2021-11-19T15:06:26","date_gmt":"2021-11-19T13:06:26","guid":{"rendered":"https:\/\/lemt.lv\/?post_type=product&#038;p=5275"},"modified":"2025-10-31T17:40:04","modified_gmt":"2025-10-31T15:40:04","slug":"zibensnovaditaja-stiprinajums-pie-horizontalas-notekrenes-d8-10mm","status":"publish","type":"product","link":"https:\/\/lemt.lv\/dev\/produkts\/zibensnovaditaja-stiprinajums-pie-horizontalas-notekrenes-d8-10mm\/","title":{"rendered":"Zibensnovad\u012bt\u0101ja stiprin\u0101jums pie horizont\u0101l\u0101s notekrenes D8-10mm"},"content":{"rendered":"<p>Spaile paredz\u0113ta zibensnovad\u012bt\u0101ja ar diametru 8-10mm stiprin\u0101\u0161anai pie notekrenes horizont\u0101l\u0101 posma.<\/p>\n<p>&nbsp;<\/p>\n","protected":false},"excerpt":{"rendered":"<p>Spaile paredz\u0113ta zibensnovad\u012bt\u0101ja ar diametru 8-10mm stiprin\u0101\u0161anai pie notekrenes horizont\u0101l\u0101 posma. &nbsp;<\/p>\n","protected":false},"featured_media":5278,"template":"","meta":{"_acf_changed":false},"product_brand":[],"product_cat":[1168],"product_tag":[],"class_list":{"0":"post-5275","1":"product","2":"type-product","3":"status-publish","4":"has-post-thumbnail","6":"product_cat-zibens-aizsardziba","8":"first","9":"instock","10":"taxable","11":"shipping-taxable","12":"purchasable","13":"product-type-simple"},"acf":[],"_links":{"self":[{"href":"https:\/\/lemt.lv\/dev\/wp-json\/wp\/v2\/product\/5275","targetHints":{"allow":["GET"]}}],"collection":[{"href":"https:\/\/lemt.lv\/dev\/wp-json\/wp\/v2\/product"}],"about":[{"href":"https:\/\/lemt.lv\/dev\/wp-json\/wp\/v2\/types\/product"}],"wp:featuredmedia":[{"embeddable":true,"href":"https:\/\/lemt.lv\/dev\/wp-json\/wp\/v2\/media\/5278"}],"wp:attachment":[{"href":"https:\/\/lemt.lv\/dev\/wp-json\/wp\/v2\/media?parent=5275"}],"wp:term":[{"taxonomy":"product_brand","embeddable":true,"href":"https:\/\/lemt.lv\/dev\/wp-json\/wp\/v2\/product_brand?post=5275"},{"taxonomy":"product_cat","embeddable":true,"href":"https:\/\/lemt.lv\/dev\/wp-json\/wp\/v2\/product_cat?post=5275"},{"taxonomy":"product_tag","embeddable":true,"href":"https:\/\/lemt.lv\/dev\/wp-json\/wp\/v2\/product_tag?post=5275"}],"curies":[{"name":"wp","href":"https:\/\/api.w.org\/{rel}","templated":true}]}}