{"id":5269,"date":"2021-11-19T14:59:58","date_gmt":"2021-11-19T12:59:58","guid":{"rendered":"https:\/\/lemt.lv\/?post_type=product&#038;p=5269"},"modified":"2025-10-27T14:40:04","modified_gmt":"2025-10-27T12:40:04","slug":"zibensnovaditaja-stiprinajums-uz-jumta-kores-d8mm","status":"publish","type":"product","link":"https:\/\/lemt.lv\/dev\/produkts\/zibensnovaditaja-stiprinajums-uz-jumta-kores-d8mm\/","title":{"rendered":"Zibensnovad\u012bt\u0101ja stiprin\u0101jums uz jumta kores D8mm"},"content":{"rendered":"<p>Spaile paredz\u0113ta zibensnovad\u012bt\u0101ja ar diametru 8mm stiprin\u0101\u0161anai uz jumta kores V veida.<\/p>\n<p>&nbsp;<\/p>\n","protected":false},"excerpt":{"rendered":"<p>Spaile paredz\u0113ta zibensnovad\u012bt\u0101ja ar diametru 8mm stiprin\u0101\u0161anai uz jumta kores V veida. &nbsp;<\/p>\n","protected":false},"featured_media":5272,"template":"","meta":{"_acf_changed":false},"product_brand":[],"product_cat":[1168],"product_tag":[],"class_list":{"0":"post-5269","1":"product","2":"type-product","3":"status-publish","4":"has-post-thumbnail","6":"product_cat-zibens-aizsardziba","8":"first","9":"instock","10":"taxable","11":"shipping-taxable","12":"purchasable","13":"product-type-simple"},"acf":[],"_links":{"self":[{"href":"https:\/\/lemt.lv\/dev\/wp-json\/wp\/v2\/product\/5269","targetHints":{"allow":["GET"]}}],"collection":[{"href":"https:\/\/lemt.lv\/dev\/wp-json\/wp\/v2\/product"}],"about":[{"href":"https:\/\/lemt.lv\/dev\/wp-json\/wp\/v2\/types\/product"}],"wp:featuredmedia":[{"embeddable":true,"href":"https:\/\/lemt.lv\/dev\/wp-json\/wp\/v2\/media\/5272"}],"wp:attachment":[{"href":"https:\/\/lemt.lv\/dev\/wp-json\/wp\/v2\/media?parent=5269"}],"wp:term":[{"taxonomy":"product_brand","embeddable":true,"href":"https:\/\/lemt.lv\/dev\/wp-json\/wp\/v2\/product_brand?post=5269"},{"taxonomy":"product_cat","embeddable":true,"href":"https:\/\/lemt.lv\/dev\/wp-json\/wp\/v2\/product_cat?post=5269"},{"taxonomy":"product_tag","embeddable":true,"href":"https:\/\/lemt.lv\/dev\/wp-json\/wp\/v2\/product_tag?post=5269"}],"curies":[{"name":"wp","href":"https:\/\/api.w.org\/{rel}","templated":true}]}}