{"id":5248,"date":"2021-11-19T14:40:37","date_gmt":"2021-11-19T12:40:37","guid":{"rendered":"https:\/\/lemt.lv\/?post_type=product&#038;p=5248"},"modified":"2025-08-29T10:45:03","modified_gmt":"2025-08-29T07:45:03","slug":"zibensnovaditaja-turetajs-uz-jumta-d8mm","status":"publish","type":"product","link":"https:\/\/lemt.lv\/dev\/produkts\/zibensnovaditaja-turetajs-uz-jumta-d8mm\/","title":{"rendered":"Zibensnovad\u012bt\u0101ja tur\u0113t\u0101js uz jumta D8mm"},"content":{"rendered":"<p>Tur\u0113t\u0101js paredz\u0113ts zibensnovad\u012bt\u0101ja stiprin\u0101\u0161anai uz plakana jumta. Plastmasas korpuss, bet tam iek\u0161\u0101 betons smagumam.<\/p>\n<p>&nbsp;<\/p>\n","protected":false},"excerpt":{"rendered":"<p>Tur\u0113t\u0101js paredz\u0113ts zibensnovad\u012bt\u0101ja stiprin\u0101\u0161anai uz plakana jumta. Plastmasas korpuss, bet tam iek\u0161\u0101 betons smagumam. &nbsp;<\/p>\n","protected":false},"featured_media":5254,"template":"","meta":{"_acf_changed":false},"product_brand":[],"product_cat":[1168],"product_tag":[],"class_list":{"0":"post-5248","1":"product","2":"type-product","3":"status-publish","4":"has-post-thumbnail","6":"product_cat-zibens-aizsardziba","8":"first","9":"onbackorder","10":"taxable","11":"shipping-taxable","12":"purchasable","13":"product-type-simple"},"acf":[],"_links":{"self":[{"href":"https:\/\/lemt.lv\/dev\/wp-json\/wp\/v2\/product\/5248","targetHints":{"allow":["GET"]}}],"collection":[{"href":"https:\/\/lemt.lv\/dev\/wp-json\/wp\/v2\/product"}],"about":[{"href":"https:\/\/lemt.lv\/dev\/wp-json\/wp\/v2\/types\/product"}],"wp:featuredmedia":[{"embeddable":true,"href":"https:\/\/lemt.lv\/dev\/wp-json\/wp\/v2\/media\/5254"}],"wp:attachment":[{"href":"https:\/\/lemt.lv\/dev\/wp-json\/wp\/v2\/media?parent=5248"}],"wp:term":[{"taxonomy":"product_brand","embeddable":true,"href":"https:\/\/lemt.lv\/dev\/wp-json\/wp\/v2\/product_brand?post=5248"},{"taxonomy":"product_cat","embeddable":true,"href":"https:\/\/lemt.lv\/dev\/wp-json\/wp\/v2\/product_cat?post=5248"},{"taxonomy":"product_tag","embeddable":true,"href":"https:\/\/lemt.lv\/dev\/wp-json\/wp\/v2\/product_tag?post=5248"}],"curies":[{"name":"wp","href":"https:\/\/api.w.org\/{rel}","templated":true}]}}