{"id":5230,"date":"2021-11-19T14:12:16","date_gmt":"2021-11-19T12:12:16","guid":{"rendered":"https:\/\/lemt.lv\/?post_type=product&#038;p=5230"},"modified":"2025-11-06T13:40:03","modified_gmt":"2025-11-06T11:40:03","slug":"zibensnovaditaja-merijuma-savienojums-d8-10mm","status":"publish","type":"product","link":"https:\/\/lemt.lv\/dev\/produkts\/zibensnovaditaja-merijuma-savienojums-d8-10mm\/","title":{"rendered":"Zibensnovad\u012bt\u0101ja m\u0113r\u012bjuma savienojums D8-10mm"},"content":{"rendered":"<p>Spaile paredz\u0113ta zibensnovad\u012bt\u0101ja ar diametru 8-10mm m\u0113r\u012bjumu savienojuma izveido\u0161anai.<\/p>\n<p>&nbsp;<\/p>\n","protected":false},"excerpt":{"rendered":"<p>Spaile paredz\u0113ta zibensnovad\u012bt\u0101ja ar diametru 8-10mm m\u0113r\u012bjumu savienojuma izveido\u0161anai. &nbsp;<\/p>\n","protected":false},"featured_media":5233,"template":"","meta":{"_acf_changed":false},"product_brand":[],"product_cat":[1168],"product_tag":[],"class_list":{"0":"post-5230","1":"product","2":"type-product","3":"status-publish","4":"has-post-thumbnail","6":"product_cat-zibens-aizsardziba","8":"first","9":"instock","10":"taxable","11":"shipping-taxable","12":"purchasable","13":"product-type-simple"},"acf":[],"_links":{"self":[{"href":"https:\/\/lemt.lv\/dev\/wp-json\/wp\/v2\/product\/5230","targetHints":{"allow":["GET"]}}],"collection":[{"href":"https:\/\/lemt.lv\/dev\/wp-json\/wp\/v2\/product"}],"about":[{"href":"https:\/\/lemt.lv\/dev\/wp-json\/wp\/v2\/types\/product"}],"wp:featuredmedia":[{"embeddable":true,"href":"https:\/\/lemt.lv\/dev\/wp-json\/wp\/v2\/media\/5233"}],"wp:attachment":[{"href":"https:\/\/lemt.lv\/dev\/wp-json\/wp\/v2\/media?parent=5230"}],"wp:term":[{"taxonomy":"product_brand","embeddable":true,"href":"https:\/\/lemt.lv\/dev\/wp-json\/wp\/v2\/product_brand?post=5230"},{"taxonomy":"product_cat","embeddable":true,"href":"https:\/\/lemt.lv\/dev\/wp-json\/wp\/v2\/product_cat?post=5230"},{"taxonomy":"product_tag","embeddable":true,"href":"https:\/\/lemt.lv\/dev\/wp-json\/wp\/v2\/product_tag?post=5230"}],"curies":[{"name":"wp","href":"https:\/\/api.w.org\/{rel}","templated":true}]}}