{"id":5224,"date":"2021-11-19T14:07:05","date_gmt":"2021-11-19T12:07:05","guid":{"rendered":"https:\/\/lemt.lv\/?post_type=product&#038;p=5224"},"modified":"2025-09-11T14:45:04","modified_gmt":"2025-09-11T11:45:04","slug":"zibensnovaditaja-vario-savienojums-aluminija-d6-10mm","status":"publish","type":"product","link":"https:\/\/lemt.lv\/dev\/produkts\/zibensnovaditaja-vario-savienojums-aluminija-d6-10mm\/","title":{"rendered":"Zibensnovad\u012bt\u0101ja vario savienojums Alum\u012bnija D6-10mm"},"content":{"rendered":"<p>Spaile paredz\u0113ta zibensnovad\u012bt\u0101ja ar diametru 6-10mm savieno\u0161anai paral\u0113li vai krust\u0101. Izgatavota no alum\u012bnija.<\/p>\n<p>&nbsp;<\/p>\n","protected":false},"excerpt":{"rendered":"<p>Spaile paredz\u0113ta zibensnovad\u012bt\u0101ja ar diametru 6-10mm savieno\u0161anai paral\u0113li vai krust\u0101. Izgatavota no alum\u012bnija. &nbsp;<\/p>\n","protected":false},"featured_media":5227,"template":"","meta":{"_acf_changed":false},"product_brand":[],"product_cat":[1168],"product_tag":[],"class_list":{"0":"post-5224","1":"product","2":"type-product","3":"status-publish","4":"has-post-thumbnail","6":"product_cat-zibens-aizsardziba","8":"first","9":"instock","10":"taxable","11":"shipping-taxable","12":"purchasable","13":"product-type-simple"},"acf":[],"_links":{"self":[{"href":"https:\/\/lemt.lv\/dev\/wp-json\/wp\/v2\/product\/5224","targetHints":{"allow":["GET"]}}],"collection":[{"href":"https:\/\/lemt.lv\/dev\/wp-json\/wp\/v2\/product"}],"about":[{"href":"https:\/\/lemt.lv\/dev\/wp-json\/wp\/v2\/types\/product"}],"wp:featuredmedia":[{"embeddable":true,"href":"https:\/\/lemt.lv\/dev\/wp-json\/wp\/v2\/media\/5227"}],"wp:attachment":[{"href":"https:\/\/lemt.lv\/dev\/wp-json\/wp\/v2\/media?parent=5224"}],"wp:term":[{"taxonomy":"product_brand","embeddable":true,"href":"https:\/\/lemt.lv\/dev\/wp-json\/wp\/v2\/product_brand?post=5224"},{"taxonomy":"product_cat","embeddable":true,"href":"https:\/\/lemt.lv\/dev\/wp-json\/wp\/v2\/product_cat?post=5224"},{"taxonomy":"product_tag","embeddable":true,"href":"https:\/\/lemt.lv\/dev\/wp-json\/wp\/v2\/product_tag?post=5224"}],"curies":[{"name":"wp","href":"https:\/\/api.w.org\/{rel}","templated":true}]}}