{"id":5209,"date":"2021-11-19T13:50:34","date_gmt":"2021-11-19T11:50:34","guid":{"rendered":"https:\/\/lemt.lv\/?post_type=product&#038;p=5209"},"modified":"2025-11-06T14:40:04","modified_gmt":"2025-11-06T12:40:04","slug":"zemejuma-spaile-elektrodam-d20-apaldzelzs-plakandzelzs","status":"publish","type":"product","link":"https:\/\/lemt.lv\/dev\/produkts\/zemejuma-spaile-elektrodam-d20-apaldzelzs-plakandzelzs\/","title":{"rendered":"Zem\u0113juma spaile elektrodam D20 \/ apa\u013cdzelzs \/ plakandzelzs"},"content":{"rendered":"<p>Spaile paredz\u0113ta D20 zem\u0113juma elektroda savieno\u0161anai ar plakandzelzi vai apa\u013cdzelzi.<\/p>\n<p>&nbsp;<\/p>\n","protected":false},"excerpt":{"rendered":"<p>Spaile paredz\u0113ta D20 zem\u0113juma elektroda savieno\u0161anai ar plakandzelzi vai apa\u013cdzelzi. &nbsp;<\/p>\n","protected":false},"featured_media":5212,"template":"","meta":{"_acf_changed":false},"product_brand":[],"product_cat":[486],"product_tag":[],"class_list":{"0":"post-5209","1":"product","2":"type-product","3":"status-publish","4":"has-post-thumbnail","6":"product_cat-zemejums","8":"first","9":"instock","10":"taxable","11":"shipping-taxable","12":"purchasable","13":"product-type-simple"},"acf":[],"_links":{"self":[{"href":"https:\/\/lemt.lv\/dev\/wp-json\/wp\/v2\/product\/5209","targetHints":{"allow":["GET"]}}],"collection":[{"href":"https:\/\/lemt.lv\/dev\/wp-json\/wp\/v2\/product"}],"about":[{"href":"https:\/\/lemt.lv\/dev\/wp-json\/wp\/v2\/types\/product"}],"wp:featuredmedia":[{"embeddable":true,"href":"https:\/\/lemt.lv\/dev\/wp-json\/wp\/v2\/media\/5212"}],"wp:attachment":[{"href":"https:\/\/lemt.lv\/dev\/wp-json\/wp\/v2\/media?parent=5209"}],"wp:term":[{"taxonomy":"product_brand","embeddable":true,"href":"https:\/\/lemt.lv\/dev\/wp-json\/wp\/v2\/product_brand?post=5209"},{"taxonomy":"product_cat","embeddable":true,"href":"https:\/\/lemt.lv\/dev\/wp-json\/wp\/v2\/product_cat?post=5209"},{"taxonomy":"product_tag","embeddable":true,"href":"https:\/\/lemt.lv\/dev\/wp-json\/wp\/v2\/product_tag?post=5209"}],"curies":[{"name":"wp","href":"https:\/\/api.w.org\/{rel}","templated":true}]}}