{"id":5143,"date":"2021-08-23T11:27:37","date_gmt":"2021-08-23T08:27:37","guid":{"rendered":"https:\/\/lemt.lv\/?post_type=product&#038;p=5143"},"modified":"2025-04-10T05:45:15","modified_gmt":"2025-04-10T02:45:15","slug":"dumu-detektors-rm250-smartwares","status":"publish","type":"product","link":"https:\/\/lemt.lv\/dev\/produkts\/dumu-detektors-rm250-smartwares\/","title":{"rendered":"D\u016bmu detektors RM250 Smartwares"},"content":{"rendered":"<p>Agr\u012bnai gruzdo\u0161u un atkl\u0101tu ugunsgr\u0113ku atkl\u0101\u0161anai ar d\u016bmu uzkr\u0101\u0161anos telp\u0101s.<\/p>\n<p>Detektor\u0101 uzst\u0101d\u012bta baterija, kuras kalpo\u0161anas laiks ir 1 gads. Ar testa pogu un izsl\u0113g\u0161anas funkciju.<\/p>\n<p>Ska\u0146as trauksme ar 85 dBA pie 3 m.<\/p>\n<p>&nbsp;<\/p>\n","protected":false},"excerpt":{"rendered":"<p>Agr\u012bnai gruzdo\u0161u un atkl\u0101tu ugunsgr\u0113ku atkl\u0101\u0161anai ar d\u016bmu uzkr\u0101\u0161anos telp\u0101s. Detektor\u0101 uzst\u0101d\u012bta baterija, kuras kalpo\u0161anas laiks ir 1 gads. Ar testa pogu un izsl\u0113g\u0161anas funkciju. Ska\u0146as trauksme ar 85 dBA pie 3 m. &nbsp;<\/p>\n","protected":false},"featured_media":5146,"template":"","meta":{"_acf_changed":false},"product_brand":[],"product_cat":[751],"product_tag":[],"class_list":{"0":"post-5143","1":"product","2":"type-product","3":"status-publish","4":"has-post-thumbnail","6":"product_cat-dumu-detektori","8":"first","9":"onbackorder","10":"taxable","11":"shipping-taxable","12":"purchasable","13":"product-type-simple"},"acf":[],"_links":{"self":[{"href":"https:\/\/lemt.lv\/dev\/wp-json\/wp\/v2\/product\/5143","targetHints":{"allow":["GET"]}}],"collection":[{"href":"https:\/\/lemt.lv\/dev\/wp-json\/wp\/v2\/product"}],"about":[{"href":"https:\/\/lemt.lv\/dev\/wp-json\/wp\/v2\/types\/product"}],"wp:featuredmedia":[{"embeddable":true,"href":"https:\/\/lemt.lv\/dev\/wp-json\/wp\/v2\/media\/5146"}],"wp:attachment":[{"href":"https:\/\/lemt.lv\/dev\/wp-json\/wp\/v2\/media?parent=5143"}],"wp:term":[{"taxonomy":"product_brand","embeddable":true,"href":"https:\/\/lemt.lv\/dev\/wp-json\/wp\/v2\/product_brand?post=5143"},{"taxonomy":"product_cat","embeddable":true,"href":"https:\/\/lemt.lv\/dev\/wp-json\/wp\/v2\/product_cat?post=5143"},{"taxonomy":"product_tag","embeddable":true,"href":"https:\/\/lemt.lv\/dev\/wp-json\/wp\/v2\/product_tag?post=5143"}],"curies":[{"name":"wp","href":"https:\/\/api.w.org\/{rel}","templated":true}]}}