{"id":5024,"date":"2021-08-17T18:48:09","date_gmt":"2021-08-17T15:48:09","guid":{"rendered":"https:\/\/lemt.lv\/?post_type=product&#038;p=5024"},"modified":"2025-04-10T05:45:16","modified_gmt":"2025-04-10T02:45:16","slug":"gaismeklis-sienas-griestu-arsina-melns","status":"publish","type":"product","link":"https:\/\/lemt.lv\/dev\/produkts\/gaismeklis-sienas-griestu-arsina-melns\/","title":{"rendered":"Gaismeklis sienas, griestu ARSINA, melns"},"content":{"rendered":"<p>ARSINA gaismek\u013ca korpuss ir izgatavots no alum\u012bnija un paredz\u0113ta halog\u0113n\u0101m (max 50W) vai LED lamp\u0101m ar GU10 cokolu. Pieejams ar melnu, baltu vai sudrabaini pel\u0113ku korpusu, ARSINA QPAR51 ir gatavs tie\u0161am savienojumam ar 230 V t\u012bkla avotu.<\/p>\n","protected":false},"excerpt":{"rendered":"<p>ARSINA gaismek\u013ca korpuss ir izgatavots no alum\u012bnija un paredz\u0113ta halog\u0113n\u0101m (max 50W) vai LED lamp\u0101m ar GU10 cokolu. Pieejams ar melnu, baltu vai sudrabaini pel\u0113ku korpusu, ARSINA QPAR51 ir gatavs tie\u0161am savienojumam ar 230 V t\u012bkla avotu.<\/p>\n","protected":false},"featured_media":5036,"template":"","meta":{"_acf_changed":false},"product_brand":[],"product_cat":[643,1207],"product_tag":[],"class_list":{"0":"post-5024","1":"product","2":"type-product","3":"status-publish","4":"has-post-thumbnail","6":"product_cat-griestu-lampas","7":"product_cat-sienas-lampas","9":"first","10":"onbackorder","11":"taxable","12":"shipping-taxable","13":"purchasable","14":"product-type-simple"},"acf":[],"_links":{"self":[{"href":"https:\/\/lemt.lv\/dev\/wp-json\/wp\/v2\/product\/5024","targetHints":{"allow":["GET"]}}],"collection":[{"href":"https:\/\/lemt.lv\/dev\/wp-json\/wp\/v2\/product"}],"about":[{"href":"https:\/\/lemt.lv\/dev\/wp-json\/wp\/v2\/types\/product"}],"wp:featuredmedia":[{"embeddable":true,"href":"https:\/\/lemt.lv\/dev\/wp-json\/wp\/v2\/media\/5036"}],"wp:attachment":[{"href":"https:\/\/lemt.lv\/dev\/wp-json\/wp\/v2\/media?parent=5024"}],"wp:term":[{"taxonomy":"product_brand","embeddable":true,"href":"https:\/\/lemt.lv\/dev\/wp-json\/wp\/v2\/product_brand?post=5024"},{"taxonomy":"product_cat","embeddable":true,"href":"https:\/\/lemt.lv\/dev\/wp-json\/wp\/v2\/product_cat?post=5024"},{"taxonomy":"product_tag","embeddable":true,"href":"https:\/\/lemt.lv\/dev\/wp-json\/wp\/v2\/product_tag?post=5024"}],"curies":[{"name":"wp","href":"https:\/\/api.w.org\/{rel}","templated":true}]}}