{"id":4997,"date":"2021-08-17T18:06:05","date_gmt":"2021-08-17T15:06:05","guid":{"rendered":"https:\/\/lemt.lv\/?post_type=product&#038;p=4997"},"modified":"2025-04-10T05:45:16","modified_gmt":"2025-04-10T02:45:16","slug":"gaismeklis-iebuvejams-tronix-legend-ar-rami-melns","status":"publish","type":"product","link":"https:\/\/lemt.lv\/dev\/produkts\/gaismeklis-iebuvejams-tronix-legend-ar-rami-melns\/","title":{"rendered":"Gaismeklis ieb\u016bv\u0113jams Tronix Legend, ar r\u0101mi, melns"},"content":{"rendered":"<p>\u0160\u012b ir Tronix le\u0123enda. Armat\u016bra meln\u0101 vai balt\u0101 kr\u0101s\u0101 minim\u0101lisma dizain\u0101. Izmantojams kop\u0101 ar GU10 un MR16 lampu (nav iek\u013cauts komplekt\u0101). Komplekt\u0101 GU10 un MR16 kontaktligzda (patrona).<\/p>\n","protected":false},"excerpt":{"rendered":"<p>\u0160\u012b ir Tronix le\u0123enda. Armat\u016bra meln\u0101 vai balt\u0101 kr\u0101s\u0101 minim\u0101lisma dizain\u0101. Izmantojams kop\u0101 ar GU10 un MR16 lampu (nav iek\u013cauts komplekt\u0101). Komplekt\u0101 GU10 un MR16 kontaktligzda (patrona).<\/p>\n","protected":false},"featured_media":5006,"template":"","meta":{"_acf_changed":false},"product_brand":[],"product_cat":[643],"product_tag":[],"class_list":{"0":"post-4997","1":"product","2":"type-product","3":"status-publish","4":"has-post-thumbnail","6":"product_cat-griestu-lampas","8":"first","9":"onbackorder","10":"taxable","11":"shipping-taxable","12":"purchasable","13":"product-type-simple"},"acf":[],"_links":{"self":[{"href":"https:\/\/lemt.lv\/dev\/wp-json\/wp\/v2\/product\/4997","targetHints":{"allow":["GET"]}}],"collection":[{"href":"https:\/\/lemt.lv\/dev\/wp-json\/wp\/v2\/product"}],"about":[{"href":"https:\/\/lemt.lv\/dev\/wp-json\/wp\/v2\/types\/product"}],"wp:featuredmedia":[{"embeddable":true,"href":"https:\/\/lemt.lv\/dev\/wp-json\/wp\/v2\/media\/5006"}],"wp:attachment":[{"href":"https:\/\/lemt.lv\/dev\/wp-json\/wp\/v2\/media?parent=4997"}],"wp:term":[{"taxonomy":"product_brand","embeddable":true,"href":"https:\/\/lemt.lv\/dev\/wp-json\/wp\/v2\/product_brand?post=4997"},{"taxonomy":"product_cat","embeddable":true,"href":"https:\/\/lemt.lv\/dev\/wp-json\/wp\/v2\/product_cat?post=4997"},{"taxonomy":"product_tag","embeddable":true,"href":"https:\/\/lemt.lv\/dev\/wp-json\/wp\/v2\/product_tag?post=4997"}],"curies":[{"name":"wp","href":"https:\/\/api.w.org\/{rel}","templated":true}]}}