{"id":4967,"date":"2021-08-17T17:33:28","date_gmt":"2021-08-17T14:33:28","guid":{"rendered":"https:\/\/lemt.lv\/?post_type=product&#038;p=4967"},"modified":"2025-04-10T05:45:16","modified_gmt":"2025-04-10T02:45:16","slug":"gaismeklis-sienas-brenda","status":"publish","type":"product","link":"https:\/\/lemt.lv\/dev\/produkts\/gaismeklis-sienas-brenda\/","title":{"rendered":"Gaismeklis sienas BRENDA"},"content":{"rendered":"<p>J\u016bs sa\u0146emat augst\u0101k\u0101s klases gaismekli no BRENDA s\u0113rijas. Johanna Tomma dizain\u0113tajam BRENDA gaismeklim ir jaud\u012bgs premium LED modulis, kuru var aptum\u0161ot (dimm\u0113t). Tas ir gatavs tie\u0161ai pievieno\u0161anai 230V-240V elektrot\u012bklam.<\/p>\n","protected":false},"excerpt":{"rendered":"<p>J\u016bs sa\u0146emat augst\u0101k\u0101s klases gaismekli no BRENDA s\u0113rijas. Johanna Tomma dizain\u0113tajam BRENDA gaismeklim ir jaud\u012bgs premium LED modulis, kuru var aptum\u0161ot (dimm\u0113t). Tas ir gatavs tie\u0161ai pievieno\u0161anai 230V-240V elektrot\u012bklam.<\/p>\n","protected":false},"featured_media":4979,"template":"","meta":{"_acf_changed":false},"product_brand":[],"product_cat":[1207],"product_tag":[],"class_list":{"0":"post-4967","1":"product","2":"type-product","3":"status-publish","4":"has-post-thumbnail","6":"product_cat-sienas-lampas","8":"first","9":"onbackorder","10":"taxable","11":"shipping-taxable","12":"purchasable","13":"product-type-simple"},"acf":[],"_links":{"self":[{"href":"https:\/\/lemt.lv\/dev\/wp-json\/wp\/v2\/product\/4967","targetHints":{"allow":["GET"]}}],"collection":[{"href":"https:\/\/lemt.lv\/dev\/wp-json\/wp\/v2\/product"}],"about":[{"href":"https:\/\/lemt.lv\/dev\/wp-json\/wp\/v2\/types\/product"}],"wp:featuredmedia":[{"embeddable":true,"href":"https:\/\/lemt.lv\/dev\/wp-json\/wp\/v2\/media\/4979"}],"wp:attachment":[{"href":"https:\/\/lemt.lv\/dev\/wp-json\/wp\/v2\/media?parent=4967"}],"wp:term":[{"taxonomy":"product_brand","embeddable":true,"href":"https:\/\/lemt.lv\/dev\/wp-json\/wp\/v2\/product_brand?post=4967"},{"taxonomy":"product_cat","embeddable":true,"href":"https:\/\/lemt.lv\/dev\/wp-json\/wp\/v2\/product_cat?post=4967"},{"taxonomy":"product_tag","embeddable":true,"href":"https:\/\/lemt.lv\/dev\/wp-json\/wp\/v2\/product_tag?post=4967"}],"curies":[{"name":"wp","href":"https:\/\/api.w.org\/{rel}","templated":true}]}}