{"id":4898,"date":"2021-08-17T14:59:18","date_gmt":"2021-08-17T11:59:18","guid":{"rendered":"https:\/\/lemt.lv\/?post_type=product&#038;p=4898"},"modified":"2025-04-10T05:45:16","modified_gmt":"2025-04-10T02:45:16","slug":"gaismeklis-piekarams-one-60-balts","status":"publish","type":"product","link":"https:\/\/lemt.lv\/dev\/produkts\/gaismeklis-piekarams-one-60-balts\/","title":{"rendered":"Gaismeklis piekarams ONE 60, balts"},"content":{"rendered":"<p>Gaismeklis iespaid\u012bg\u0101m telp\u0101m, smalks un moderns. Jaunie ONE \u0123imenes piekaramie gaismek\u013ci b\u016bs uzman\u012bbas centr\u0101. Taj\u0101 pa\u0161\u0101 laik\u0101 tiem nav nepiecie\u0161ama apkope, un to paredzamais kalpo\u0161anas laiks ir l\u012bdz 30 000 stund\u0101m, t\u0101d\u0113\u013c tie ir ide\u0101li piem\u0113roti ne tikai viesn\u012bcu un \u0113din\u0101\u0161anas nozarei, bet ar\u012b stil\u012bgi iek\u0101rtot\u0101m dz\u012bvojam\u0101m telp\u0101m. Apgaismojuma noska\u0146u, jeb kr\u0101sas temperat\u016bru (2700\/3000K) pirms uzst\u0101d\u012b\u0161anas var noregul\u0113t, izmantojot CCT sl\u0113dzi. Kr\u0101su atveido\u0161anas indekss (CRI&gt; 90).<\/p>\n","protected":false},"excerpt":{"rendered":"<p>Gaismeklis iespaid\u012bg\u0101m telp\u0101m, smalks un moderns. Jaunie ONE \u0123imenes piekaramie gaismek\u013ci b\u016bs uzman\u012bbas centr\u0101. Taj\u0101 pa\u0161\u0101 laik\u0101 tiem nav nepiecie\u0161ama apkope, un to paredzamais kalpo\u0161anas laiks ir l\u012bdz 30 000 stund\u0101m, t\u0101d\u0113\u013c tie ir ide\u0101li piem\u0113roti ne tikai viesn\u012bcu un \u0113din\u0101\u0161anas nozarei, bet ar\u012b stil\u012bgi iek\u0101rtot\u0101m dz\u012bvojam\u0101m telp\u0101m. Apgaismojuma noska\u0146u, jeb kr\u0101sas temperat\u016bru (2700\/3000K) pirms [&hellip;]<\/p>\n","protected":false},"featured_media":4910,"template":"","meta":{"_acf_changed":false},"product_brand":[],"product_cat":[643],"product_tag":[],"class_list":{"0":"post-4898","1":"product","2":"type-product","3":"status-publish","4":"has-post-thumbnail","6":"product_cat-griestu-lampas","8":"first","9":"onbackorder","10":"taxable","11":"shipping-taxable","12":"purchasable","13":"product-type-simple"},"acf":[],"_links":{"self":[{"href":"https:\/\/lemt.lv\/dev\/wp-json\/wp\/v2\/product\/4898","targetHints":{"allow":["GET"]}}],"collection":[{"href":"https:\/\/lemt.lv\/dev\/wp-json\/wp\/v2\/product"}],"about":[{"href":"https:\/\/lemt.lv\/dev\/wp-json\/wp\/v2\/types\/product"}],"wp:featuredmedia":[{"embeddable":true,"href":"https:\/\/lemt.lv\/dev\/wp-json\/wp\/v2\/media\/4910"}],"wp:attachment":[{"href":"https:\/\/lemt.lv\/dev\/wp-json\/wp\/v2\/media?parent=4898"}],"wp:term":[{"taxonomy":"product_brand","embeddable":true,"href":"https:\/\/lemt.lv\/dev\/wp-json\/wp\/v2\/product_brand?post=4898"},{"taxonomy":"product_cat","embeddable":true,"href":"https:\/\/lemt.lv\/dev\/wp-json\/wp\/v2\/product_cat?post=4898"},{"taxonomy":"product_tag","embeddable":true,"href":"https:\/\/lemt.lv\/dev\/wp-json\/wp\/v2\/product_tag?post=4898"}],"curies":[{"name":"wp","href":"https:\/\/api.w.org\/{rel}","templated":true}]}}