{"id":4838,"date":"2021-08-17T13:27:19","date_gmt":"2021-08-17T10:27:19","guid":{"rendered":"https:\/\/lemt.lv\/?post_type=product&#038;p=4838"},"modified":"2025-04-10T05:45:16","modified_gmt":"2025-04-10T02:45:16","slug":"gaismeklis-piekarams-forchini-m-50-melns-zelta","status":"publish","type":"product","link":"https:\/\/lemt.lv\/dev\/produkts\/gaismeklis-piekarams-forchini-m-50-melns-zelta\/","title":{"rendered":"Gaismeklis piekarams FORCHINI M 50 melns\/zelta"},"content":{"rendered":"<p>FORCHINI M 50 gaismeklis ir \u0161\u012bs s\u0113rijas liel\u0101k\u0101 versija un ir apr\u012bkots ar alum\u012bnija aba\u017e\u016bru, kas ir savienota ar hrom\u0113tu griestu pl\u0101ksni, izmantojot auduma kabeli. P\u0113c izv\u0113les pieejams ar melnu vai baltu \u0101r\u0113j\u0101 kupola kr\u0101su. L\u012bdztekus optiskaj\u0101m gaismas sp\u0113l\u0113m atstarojo\u0161\u0101 iek\u0161\u0113j\u0101 virsma ietekm\u0113 ar\u012b gaismas kr\u0101su. Spuldze ar E27 cokolu j\u0101ieg\u0101d\u0101jas atsevi\u0161\u0137i.<\/p>\n","protected":false},"excerpt":{"rendered":"<p>FORCHINI M 50 gaismeklis ir \u0161\u012bs s\u0113rijas liel\u0101k\u0101 versija un ir apr\u012bkots ar alum\u012bnija aba\u017e\u016bru, kas ir savienota ar hrom\u0113tu griestu pl\u0101ksni, izmantojot auduma kabeli. P\u0113c izv\u0113les pieejams ar melnu vai baltu \u0101r\u0113j\u0101 kupola kr\u0101su. L\u012bdztekus optiskaj\u0101m gaismas sp\u0113l\u0113m atstarojo\u0161\u0101 iek\u0161\u0113j\u0101 virsma ietekm\u0113 ar\u012b gaismas kr\u0101su. Spuldze ar E27 cokolu j\u0101ieg\u0101d\u0101jas atsevi\u0161\u0137i.<\/p>\n","protected":false},"featured_media":4850,"template":"","meta":{"_acf_changed":false},"product_brand":[],"product_cat":[643],"product_tag":[],"class_list":{"0":"post-4838","1":"product","2":"type-product","3":"status-publish","4":"has-post-thumbnail","6":"product_cat-griestu-lampas","8":"first","9":"onbackorder","10":"taxable","11":"shipping-taxable","12":"purchasable","13":"product-type-simple"},"acf":[],"_links":{"self":[{"href":"https:\/\/lemt.lv\/dev\/wp-json\/wp\/v2\/product\/4838","targetHints":{"allow":["GET"]}}],"collection":[{"href":"https:\/\/lemt.lv\/dev\/wp-json\/wp\/v2\/product"}],"about":[{"href":"https:\/\/lemt.lv\/dev\/wp-json\/wp\/v2\/types\/product"}],"wp:featuredmedia":[{"embeddable":true,"href":"https:\/\/lemt.lv\/dev\/wp-json\/wp\/v2\/media\/4850"}],"wp:attachment":[{"href":"https:\/\/lemt.lv\/dev\/wp-json\/wp\/v2\/media?parent=4838"}],"wp:term":[{"taxonomy":"product_brand","embeddable":true,"href":"https:\/\/lemt.lv\/dev\/wp-json\/wp\/v2\/product_brand?post=4838"},{"taxonomy":"product_cat","embeddable":true,"href":"https:\/\/lemt.lv\/dev\/wp-json\/wp\/v2\/product_cat?post=4838"},{"taxonomy":"product_tag","embeddable":true,"href":"https:\/\/lemt.lv\/dev\/wp-json\/wp\/v2\/product_tag?post=4838"}],"curies":[{"name":"wp","href":"https:\/\/api.w.org\/{rel}","templated":true}]}}