{"id":4782,"date":"2021-08-13T13:15:41","date_gmt":"2021-08-13T10:15:41","guid":{"rendered":"https:\/\/lemt.lv\/?post_type=product&#038;p=4782"},"modified":"2025-09-30T12:45:03","modified_gmt":"2025-09-30T09:45:03","slug":"apalvada-sienas-turetajs-h-20mm-pvc-rd8","status":"publish","type":"product","link":"https:\/\/lemt.lv\/dev\/produkts\/apalvada-sienas-turetajs-h-20mm-pvc-rd8\/","title":{"rendered":"Apa\u013cvada sienas tur\u0113t\u0101js h-20mm, PVC RD8"},"content":{"rendered":"<p>Paredz\u0113ts zibens novad\u012bt\u0101ja apa\u013cvada ar diametru 8mm stiprin\u0101\u0161anai pie sienas.<\/p>\n","protected":false},"excerpt":{"rendered":"<p>Paredz\u0113ts zibens novad\u012bt\u0101ja apa\u013cvada ar diametru 8mm stiprin\u0101\u0161anai pie sienas.<\/p>\n","protected":false},"featured_media":4783,"template":"","meta":{"_acf_changed":false},"product_brand":[],"product_cat":[1168],"product_tag":[],"class_list":{"0":"post-4782","1":"product","2":"type-product","3":"status-publish","4":"has-post-thumbnail","6":"product_cat-zibens-aizsardziba","8":"first","9":"onbackorder","10":"taxable","11":"shipping-taxable","12":"purchasable","13":"product-type-simple"},"acf":[],"_links":{"self":[{"href":"https:\/\/lemt.lv\/dev\/wp-json\/wp\/v2\/product\/4782","targetHints":{"allow":["GET"]}}],"collection":[{"href":"https:\/\/lemt.lv\/dev\/wp-json\/wp\/v2\/product"}],"about":[{"href":"https:\/\/lemt.lv\/dev\/wp-json\/wp\/v2\/types\/product"}],"wp:featuredmedia":[{"embeddable":true,"href":"https:\/\/lemt.lv\/dev\/wp-json\/wp\/v2\/media\/4783"}],"wp:attachment":[{"href":"https:\/\/lemt.lv\/dev\/wp-json\/wp\/v2\/media?parent=4782"}],"wp:term":[{"taxonomy":"product_brand","embeddable":true,"href":"https:\/\/lemt.lv\/dev\/wp-json\/wp\/v2\/product_brand?post=4782"},{"taxonomy":"product_cat","embeddable":true,"href":"https:\/\/lemt.lv\/dev\/wp-json\/wp\/v2\/product_cat?post=4782"},{"taxonomy":"product_tag","embeddable":true,"href":"https:\/\/lemt.lv\/dev\/wp-json\/wp\/v2\/product_tag?post=4782"}],"curies":[{"name":"wp","href":"https:\/\/api.w.org\/{rel}","templated":true}]}}