{"id":4775,"date":"2021-08-13T12:52:36","date_gmt":"2021-08-13T09:52:36","guid":{"rendered":"https:\/\/lemt.lv\/?post_type=product&#038;p=4775"},"modified":"2025-11-06T15:40:03","modified_gmt":"2025-11-06T13:40:03","slug":"antikorozijas-lenta-50mm-10m","status":"publish","type":"product","link":"https:\/\/lemt.lv\/dev\/produkts\/antikorozijas-lenta-50mm-10m\/","title":{"rendered":"Antikorozijas lenta 50mm\/10m"},"content":{"rendered":"<p>Paredz\u0113ta zem\u0113juma spai\u013cu aizsardz\u012bbai pret koroziju.<\/p>\n","protected":false},"excerpt":{"rendered":"<p>Paredz\u0113ta zem\u0113juma spai\u013cu aizsardz\u012bbai pret koroziju.<\/p>\n","protected":false},"featured_media":4776,"template":"","meta":{"_acf_changed":false},"product_brand":[],"product_cat":[486],"product_tag":[],"class_list":{"0":"post-4775","1":"product","2":"type-product","3":"status-publish","4":"has-post-thumbnail","6":"product_cat-zemejums","8":"first","9":"instock","10":"taxable","11":"shipping-taxable","12":"purchasable","13":"product-type-simple"},"acf":[],"_links":{"self":[{"href":"https:\/\/lemt.lv\/dev\/wp-json\/wp\/v2\/product\/4775","targetHints":{"allow":["GET"]}}],"collection":[{"href":"https:\/\/lemt.lv\/dev\/wp-json\/wp\/v2\/product"}],"about":[{"href":"https:\/\/lemt.lv\/dev\/wp-json\/wp\/v2\/types\/product"}],"wp:featuredmedia":[{"embeddable":true,"href":"https:\/\/lemt.lv\/dev\/wp-json\/wp\/v2\/media\/4776"}],"wp:attachment":[{"href":"https:\/\/lemt.lv\/dev\/wp-json\/wp\/v2\/media?parent=4775"}],"wp:term":[{"taxonomy":"product_brand","embeddable":true,"href":"https:\/\/lemt.lv\/dev\/wp-json\/wp\/v2\/product_brand?post=4775"},{"taxonomy":"product_cat","embeddable":true,"href":"https:\/\/lemt.lv\/dev\/wp-json\/wp\/v2\/product_cat?post=4775"},{"taxonomy":"product_tag","embeddable":true,"href":"https:\/\/lemt.lv\/dev\/wp-json\/wp\/v2\/product_tag?post=4775"}],"curies":[{"name":"wp","href":"https:\/\/api.w.org\/{rel}","templated":true}]}}