{"id":4763,"date":"2021-08-13T11:47:36","date_gmt":"2021-08-13T08:47:36","guid":{"rendered":"https:\/\/lemt.lv\/?post_type=product&#038;p=4763"},"modified":"2025-11-06T16:40:03","modified_gmt":"2025-11-06T14:40:03","slug":"cinkots-terauda-apalvads-rd10","status":"publish","type":"product","link":"https:\/\/lemt.lv\/dev\/produkts\/cinkots-terauda-apalvads-rd10\/","title":{"rendered":"Cinkots t\u0113rauda apa\u013cvads RD10"},"content":{"rendered":"<p>P\u0101rdodas pilns iepakojums, netiek griezts.<\/p>\n","protected":false},"excerpt":{"rendered":"<p>P\u0101rdodas pilns iepakojums, netiek griezts.<\/p>\n","protected":false},"featured_media":4757,"template":"","meta":{"_acf_changed":false},"product_brand":[],"product_cat":[1168],"product_tag":[],"class_list":{"0":"post-4763","1":"product","2":"type-product","3":"status-publish","4":"has-post-thumbnail","6":"product_cat-zibens-aizsardziba","8":"first","9":"instock","10":"taxable","11":"shipping-taxable","12":"purchasable","13":"product-type-simple"},"acf":[],"_links":{"self":[{"href":"https:\/\/lemt.lv\/dev\/wp-json\/wp\/v2\/product\/4763","targetHints":{"allow":["GET"]}}],"collection":[{"href":"https:\/\/lemt.lv\/dev\/wp-json\/wp\/v2\/product"}],"about":[{"href":"https:\/\/lemt.lv\/dev\/wp-json\/wp\/v2\/types\/product"}],"wp:featuredmedia":[{"embeddable":true,"href":"https:\/\/lemt.lv\/dev\/wp-json\/wp\/v2\/media\/4757"}],"wp:attachment":[{"href":"https:\/\/lemt.lv\/dev\/wp-json\/wp\/v2\/media?parent=4763"}],"wp:term":[{"taxonomy":"product_brand","embeddable":true,"href":"https:\/\/lemt.lv\/dev\/wp-json\/wp\/v2\/product_brand?post=4763"},{"taxonomy":"product_cat","embeddable":true,"href":"https:\/\/lemt.lv\/dev\/wp-json\/wp\/v2\/product_cat?post=4763"},{"taxonomy":"product_tag","embeddable":true,"href":"https:\/\/lemt.lv\/dev\/wp-json\/wp\/v2\/product_tag?post=4763"}],"curies":[{"name":"wp","href":"https:\/\/api.w.org\/{rel}","templated":true}]}}