{"id":4670,"date":"2021-08-12T12:20:32","date_gmt":"2021-08-12T09:20:32","guid":{"rendered":"https:\/\/lemt.lv\/?post_type=product&#038;p=4670"},"modified":"2025-09-03T10:45:05","modified_gmt":"2025-09-03T07:45:05","slug":"i","status":"publish","type":"product","link":"https:\/\/lemt.lv\/dev\/produkts\/i\/","title":{"rendered":"Ielas gaismeklis DKS274 55W 7500lm 4K MB2D"},"content":{"rendered":"<p>Ielu gaismeklis ar alum\u012bnija korpusu, mont\u0101\u017eai uz staba vai staba konsoles, trieciena klasifik\u0101cija IK08, IP66, LED gaismas pl\u016bsma 7410lm, ar gaismas avota tipu CRI&gt; 70, 4000K, optikas tips MB2D = platle\u0146\u0137a optika ielu un ce\u013cu apgaismojumam.<\/p>\n","protected":false},"excerpt":{"rendered":"<p>Ielu gaismeklis ar alum\u012bnija korpusu, mont\u0101\u017eai uz staba vai staba konsoles, trieciena klasifik\u0101cija IK08, IP66, LED gaismas pl\u016bsma 7410lm, ar gaismas avota tipu CRI&gt; 70, 4000K, optikas tips MB2D = platle\u0146\u0137a optika ielu un ce\u013cu apgaismojumam.<\/p>\n","protected":false},"featured_media":4679,"template":"","meta":{"_acf_changed":false},"product_brand":[],"product_cat":[1117],"product_tag":[],"class_list":{"0":"post-4670","1":"product","2":"type-product","3":"status-publish","4":"has-post-thumbnail","6":"product_cat-ielu-un-parku-gaismekli","8":"first","9":"onbackorder","10":"taxable","11":"shipping-taxable","12":"purchasable","13":"product-type-simple"},"acf":[],"_links":{"self":[{"href":"https:\/\/lemt.lv\/dev\/wp-json\/wp\/v2\/product\/4670","targetHints":{"allow":["GET"]}}],"collection":[{"href":"https:\/\/lemt.lv\/dev\/wp-json\/wp\/v2\/product"}],"about":[{"href":"https:\/\/lemt.lv\/dev\/wp-json\/wp\/v2\/types\/product"}],"wp:featuredmedia":[{"embeddable":true,"href":"https:\/\/lemt.lv\/dev\/wp-json\/wp\/v2\/media\/4679"}],"wp:attachment":[{"href":"https:\/\/lemt.lv\/dev\/wp-json\/wp\/v2\/media?parent=4670"}],"wp:term":[{"taxonomy":"product_brand","embeddable":true,"href":"https:\/\/lemt.lv\/dev\/wp-json\/wp\/v2\/product_brand?post=4670"},{"taxonomy":"product_cat","embeddable":true,"href":"https:\/\/lemt.lv\/dev\/wp-json\/wp\/v2\/product_cat?post=4670"},{"taxonomy":"product_tag","embeddable":true,"href":"https:\/\/lemt.lv\/dev\/wp-json\/wp\/v2\/product_tag?post=4670"}],"curies":[{"name":"wp","href":"https:\/\/api.w.org\/{rel}","templated":true}]}}