{"id":4646,"date":"2021-08-12T11:48:13","date_gmt":"2021-08-12T08:48:13","guid":{"rendered":"https:\/\/lemt.lv\/?post_type=product&#038;p=4646"},"modified":"2025-11-06T14:40:03","modified_gmt":"2025-11-06T12:40:03","slug":"ielas-gaismeklis-o52-340-led-3000-hf-740-wba","status":"publish","type":"product","link":"https:\/\/lemt.lv\/dev\/produkts\/ielas-gaismeklis-o52-340-led-3000-hf-740-wba\/","title":{"rendered":"Ielas gaismeklis O52-340 LED 3000 HF 740 WBA"},"content":{"rendered":"<p>Ielu gaismeklis ar alum\u012bnija korpusu, mont\u0101\u017eai uz staba vai staba konsoles, trieciena klasifik\u0101cija IK9, IP66, LED gaismas pl\u016bsma 3080lm, balasta tips HF = augstfrekvences, ar gaismas avota tipu CRI&gt; 70, 4000K, optikas tips WBA = platle\u0146\u0137a optika ielu un ce\u013cu apgaismojumam. Gaismeklim ir r\u016bd\u012bts stikla difuzors. Lm\/W: 140<\/p>\n","protected":false},"excerpt":{"rendered":"<p>Ielu gaismeklis ar alum\u012bnija korpusu, mont\u0101\u017eai uz staba vai staba konsoles, trieciena klasifik\u0101cija IK9, IP66, LED gaismas pl\u016bsma 3080lm, balasta tips HF = augstfrekvences, ar gaismas avota tipu CRI&gt; 70, 4000K, optikas tips WBA = platle\u0146\u0137a optika ielu un ce\u013cu apgaismojumam. Gaismeklim ir r\u016bd\u012bts stikla difuzors. Lm\/W: 140<\/p>\n","protected":false},"featured_media":4658,"template":"","meta":{"_acf_changed":false},"product_brand":[],"product_cat":[1117],"product_tag":[],"class_list":{"0":"post-4646","1":"product","2":"type-product","3":"status-publish","4":"has-post-thumbnail","6":"product_cat-ielu-un-parku-gaismekli","8":"first","9":"onbackorder","10":"sale","11":"taxable","12":"shipping-taxable","13":"purchasable","14":"product-type-simple"},"acf":[],"_links":{"self":[{"href":"https:\/\/lemt.lv\/dev\/wp-json\/wp\/v2\/product\/4646","targetHints":{"allow":["GET"]}}],"collection":[{"href":"https:\/\/lemt.lv\/dev\/wp-json\/wp\/v2\/product"}],"about":[{"href":"https:\/\/lemt.lv\/dev\/wp-json\/wp\/v2\/types\/product"}],"wp:featuredmedia":[{"embeddable":true,"href":"https:\/\/lemt.lv\/dev\/wp-json\/wp\/v2\/media\/4658"}],"wp:attachment":[{"href":"https:\/\/lemt.lv\/dev\/wp-json\/wp\/v2\/media?parent=4646"}],"wp:term":[{"taxonomy":"product_brand","embeddable":true,"href":"https:\/\/lemt.lv\/dev\/wp-json\/wp\/v2\/product_brand?post=4646"},{"taxonomy":"product_cat","embeddable":true,"href":"https:\/\/lemt.lv\/dev\/wp-json\/wp\/v2\/product_cat?post=4646"},{"taxonomy":"product_tag","embeddable":true,"href":"https:\/\/lemt.lv\/dev\/wp-json\/wp\/v2\/product_tag?post=4646"}],"curies":[{"name":"wp","href":"https:\/\/api.w.org\/{rel}","templated":true}]}}