{"id":3451,"date":"2021-06-30T14:59:53","date_gmt":"2021-06-30T11:59:53","guid":{"rendered":"https:\/\/lemt.lv\/?post_type=product&#038;p=3451"},"modified":"2025-04-10T05:45:32","modified_gmt":"2025-04-10T02:45:32","slug":"gaismeklis-iebuvejams-new-tria-68-i-cs-balts","status":"publish","type":"product","link":"https:\/\/lemt.lv\/dev\/produkts\/gaismeklis-iebuvejams-new-tria-68-i-cs-balts\/","title":{"rendered":"Gaismeklis ieb\u016bv\u0113jams NEW TRIA 68 I CS, balts"},"content":{"rendered":"<p>NEW TRIA 68 \u00a0I CS pieejams mat\u0113ti meln\u0101, mat\u0113ti balt\u0101 vai mat\u0113t\u0101 alum\u012bnij\u0101, apa\u013c\u0101 vai kvadr\u0101tveida form\u0101. Gaismek\u013ca komplekts ir apr\u012bkot ar jaud\u012bgu, silti baltu premium klases COB gaismas diodi, k\u0101 ar\u012b LED draiveri. Elektriskais savienojums tiek veikts tie\u0161i pie 230 V t\u012bkla.<\/p>\n<p>38 gr\u0101du optika.<\/p>\n","protected":false},"excerpt":{"rendered":"<p>NEW TRIA 68 \u00a0I CS pieejams mat\u0113ti meln\u0101, mat\u0113ti balt\u0101 vai mat\u0113t\u0101 alum\u012bnij\u0101, apa\u013c\u0101 vai kvadr\u0101tveida form\u0101. Gaismek\u013ca komplekts ir apr\u012bkot ar jaud\u012bgu, silti baltu premium klases COB gaismas diodi, k\u0101 ar\u012b LED draiveri. Elektriskais savienojums tiek veikts tie\u0161i pie 230 V t\u012bkla. 38 gr\u0101du optika.<\/p>\n","protected":false},"featured_media":3460,"template":"","meta":{"_acf_changed":false},"product_brand":[],"product_cat":[643],"product_tag":[],"class_list":{"0":"post-3451","1":"product","2":"type-product","3":"status-publish","4":"has-post-thumbnail","6":"product_cat-griestu-lampas","8":"first","9":"onbackorder","10":"taxable","11":"shipping-taxable","12":"purchasable","13":"product-type-simple"},"acf":[],"_links":{"self":[{"href":"https:\/\/lemt.lv\/dev\/wp-json\/wp\/v2\/product\/3451","targetHints":{"allow":["GET"]}}],"collection":[{"href":"https:\/\/lemt.lv\/dev\/wp-json\/wp\/v2\/product"}],"about":[{"href":"https:\/\/lemt.lv\/dev\/wp-json\/wp\/v2\/types\/product"}],"wp:featuredmedia":[{"embeddable":true,"href":"https:\/\/lemt.lv\/dev\/wp-json\/wp\/v2\/media\/3460"}],"wp:attachment":[{"href":"https:\/\/lemt.lv\/dev\/wp-json\/wp\/v2\/media?parent=3451"}],"wp:term":[{"taxonomy":"product_brand","embeddable":true,"href":"https:\/\/lemt.lv\/dev\/wp-json\/wp\/v2\/product_brand?post=3451"},{"taxonomy":"product_cat","embeddable":true,"href":"https:\/\/lemt.lv\/dev\/wp-json\/wp\/v2\/product_cat?post=3451"},{"taxonomy":"product_tag","embeddable":true,"href":"https:\/\/lemt.lv\/dev\/wp-json\/wp\/v2\/product_tag?post=3451"}],"curies":[{"name":"wp","href":"https:\/\/api.w.org\/{rel}","templated":true}]}}