{"id":2817,"date":"2021-06-09T10:18:29","date_gmt":"2021-06-09T07:18:29","guid":{"rendered":"https:\/\/lemt.lv\/?post_type=product&#038;p=2817"},"modified":"2025-04-10T05:45:35","modified_gmt":"2025-04-10T02:45:35","slug":"gaismeklis-piekarams-bishade-pd-1","status":"publish","type":"product","link":"https:\/\/lemt.lv\/dev\/produkts\/gaismeklis-piekarams-bishade-pd-1\/","title":{"rendered":"Gaismeklis piekarams BISHADE PD-1"},"content":{"rendered":"<p>BISHADE PD-1 gaismeklis sast\u0101v no diviem kupoliem, kas kombin\u0101cij\u0101 rada sp\u0113c\u012bgu dizaina izskatu. BISHADE PD-1 gaismeklis ir paredz\u0113ts 3 x E27 ietveres kv\u0113lspuldz\u0113m vai energoefekt\u012bv\u0101m LED spuldz\u0113m, tas ir gatavs tie\u0161am savienojumam ar 230 V sprieguma padevi.<\/p>\n","protected":false},"excerpt":{"rendered":"<p>BISHADE PD-1 gaismeklis sast\u0101v no diviem kupoliem, kas kombin\u0101cij\u0101 rada sp\u0113c\u012bgu dizaina izskatu. BISHADE PD-1 gaismeklis ir paredz\u0113ts 3 x E27 ietveres kv\u0113lspuldz\u0113m vai energoefekt\u012bv\u0101m LED spuldz\u0113m, tas ir gatavs tie\u0161am savienojumam ar 230 V sprieguma padevi.<\/p>\n","protected":false},"featured_media":2821,"template":"","meta":{"_acf_changed":false},"product_brand":[],"product_cat":[643],"product_tag":[],"class_list":{"0":"post-2817","1":"product","2":"type-product","3":"status-publish","4":"has-post-thumbnail","6":"product_cat-griestu-lampas","8":"first","9":"onbackorder","10":"taxable","11":"shipping-taxable","12":"purchasable","13":"product-type-simple"},"acf":[],"_links":{"self":[{"href":"https:\/\/lemt.lv\/dev\/wp-json\/wp\/v2\/product\/2817","targetHints":{"allow":["GET"]}}],"collection":[{"href":"https:\/\/lemt.lv\/dev\/wp-json\/wp\/v2\/product"}],"about":[{"href":"https:\/\/lemt.lv\/dev\/wp-json\/wp\/v2\/types\/product"}],"wp:featuredmedia":[{"embeddable":true,"href":"https:\/\/lemt.lv\/dev\/wp-json\/wp\/v2\/media\/2821"}],"wp:attachment":[{"href":"https:\/\/lemt.lv\/dev\/wp-json\/wp\/v2\/media?parent=2817"}],"wp:term":[{"taxonomy":"product_brand","embeddable":true,"href":"https:\/\/lemt.lv\/dev\/wp-json\/wp\/v2\/product_brand?post=2817"},{"taxonomy":"product_cat","embeddable":true,"href":"https:\/\/lemt.lv\/dev\/wp-json\/wp\/v2\/product_cat?post=2817"},{"taxonomy":"product_tag","embeddable":true,"href":"https:\/\/lemt.lv\/dev\/wp-json\/wp\/v2\/product_tag?post=2817"}],"curies":[{"name":"wp","href":"https:\/\/api.w.org\/{rel}","templated":true}]}}