{"id":2739,"date":"2021-06-07T16:33:29","date_gmt":"2021-06-07T13:33:29","guid":{"rendered":"https:\/\/lemt.lv\/?post_type=product&#038;p=2739"},"modified":"2025-04-10T05:45:35","modified_gmt":"2025-04-10T02:45:35","slug":"aranet4-bezvadu-co-sensors","status":"publish","type":"product","link":"https:\/\/lemt.lv\/dev\/produkts\/aranet4-bezvadu-co-sensors\/","title":{"rendered":"Aranet4 bezvadu CO\u2082 sensors"},"content":{"rendered":"<p>Aranet4 ir ar baterij\u0101m darbin\u0101ms gaisa kvalit\u0101tes sensors, kas m\u0113ra CO\u2082, temperat\u016bru, gaisa relat\u012bvo mitrumu, un atmosf\u0113ras spiedienu. Ier\u012bce ir piem\u0113rota CO\u2082 l\u012bme\u0146a monitor\u0113\u0161anai iek\u0161telp\u0101s &#8211; J\u016bsu m\u0101j\u0101s, skol\u0101, biroj\u0101 un citur.<\/p>\n<p>M\u0113r\u012bjumu dati tiek att\u0113loti uz energoefekt\u012bva e-ink ekr\u0101na, kas nodro\u0161ina ilgu bateriju kalpo\u0161anas laiku. Ier\u012bce ar kr\u0101sas indikatoru un ska\u0146as sign\u0101lu zi\u0146o par augstu CO\u2082 koncentr\u0101ciju gais\u0101 &#8211; virs 1400 ppm (parts per million jeb da\u013ci\u0146\u0101m no miljona) &#8211; l\u012bmeni, kas tiek saist\u012bts ar sliktu gaisa kvalit\u0101ti.<\/p>\n<p>Ar Aranet4 mobil\u0101s lietotnes pal\u012bdz\u012bbu ir iesp\u0113jams piek\u013c\u016bt aktu\u0101lajiem un v\u0113sturiskajiem p\u0113d\u0113jo 7 dienu datiem, k\u0101 ar\u012b main\u012bt ier\u012bces uzst\u0101d\u012bjumus. Aranet4 mobil\u0101 lietotne \u013cauj vienlaikus piesl\u0113gt neierobe\u017eotu skaitu aranet4 sensorus, lai uzraudz\u012btu to parametrus, izmantojot vienu viedier\u012bci.<\/p>\n","protected":false},"excerpt":{"rendered":"<p>Aranet4 ir ar baterij\u0101m darbin\u0101ms gaisa kvalit\u0101tes sensors, kas m\u0113ra CO\u2082, temperat\u016bru, gaisa relat\u012bvo mitrumu, un atmosf\u0113ras spiedienu. Ier\u012bce ir piem\u0113rota CO\u2082 l\u012bme\u0146a monitor\u0113\u0161anai iek\u0161telp\u0101s &#8211; J\u016bsu m\u0101j\u0101s, skol\u0101, biroj\u0101 un citur. M\u0113r\u012bjumu dati tiek att\u0113loti uz energoefekt\u012bva e-ink ekr\u0101na, kas nodro\u0161ina ilgu bateriju kalpo\u0161anas laiku. Ier\u012bce ar kr\u0101sas indikatoru un ska\u0146as sign\u0101lu zi\u0146o par [&hellip;]<\/p>\n","protected":false},"featured_media":2740,"template":"","meta":{"_acf_changed":false},"product_brand":[],"product_cat":[725],"product_tag":[],"class_list":{"0":"post-2739","1":"product","2":"type-product","3":"status-publish","4":"has-post-thumbnail","6":"product_cat-co-gaisa-kvalitates-sensori","8":"first","9":"onbackorder","10":"taxable","11":"shipping-taxable","12":"purchasable","13":"product-type-simple"},"acf":[],"_links":{"self":[{"href":"https:\/\/lemt.lv\/dev\/wp-json\/wp\/v2\/product\/2739","targetHints":{"allow":["GET"]}}],"collection":[{"href":"https:\/\/lemt.lv\/dev\/wp-json\/wp\/v2\/product"}],"about":[{"href":"https:\/\/lemt.lv\/dev\/wp-json\/wp\/v2\/types\/product"}],"wp:featuredmedia":[{"embeddable":true,"href":"https:\/\/lemt.lv\/dev\/wp-json\/wp\/v2\/media\/2740"}],"wp:attachment":[{"href":"https:\/\/lemt.lv\/dev\/wp-json\/wp\/v2\/media?parent=2739"}],"wp:term":[{"taxonomy":"product_brand","embeddable":true,"href":"https:\/\/lemt.lv\/dev\/wp-json\/wp\/v2\/product_brand?post=2739"},{"taxonomy":"product_cat","embeddable":true,"href":"https:\/\/lemt.lv\/dev\/wp-json\/wp\/v2\/product_cat?post=2739"},{"taxonomy":"product_tag","embeddable":true,"href":"https:\/\/lemt.lv\/dev\/wp-json\/wp\/v2\/product_tag?post=2739"}],"curies":[{"name":"wp","href":"https:\/\/api.w.org\/{rel}","templated":true}]}}