{"id":2699,"date":"2021-05-27T12:21:22","date_gmt":"2021-05-27T09:21:22","guid":{"rendered":"https:\/\/lemt.lv\/?post_type=product&#038;p=2699"},"modified":"2025-10-24T16:40:04","modified_gmt":"2025-10-24T13:40:04","slug":"savienojuma-klemme-5x-0-5-2-5mm-wago-100gb","status":"publish","type":"product","link":"https:\/\/lemt.lv\/dev\/produkts\/savienojuma-klemme-5x-0-5-2-5mm-wago-100gb\/","title":{"rendered":"Savienojuma klemme 5x 0,5-2,5mm\u00b2 WAGO 100gb"},"content":{"rendered":"<p>Savienojuma klemme paredz\u0113ta monol\u012btam vadu tipiem,\u00a0 pie\u013caujamais \u0161\u0137\u0113rsgriezums ir no 0.5mm\u00b2 l\u012bdz 2.5 mm\u00b2.\u00a0 Klemme paredz\u0113ta piecu vadu savieno\u0161anai, tai ir caursp\u012bd\u012bgs korpuss.<\/p>\n","protected":false},"excerpt":{"rendered":"<p>Savienojuma klemme paredz\u0113ta monol\u012btam vadu tipiem,\u00a0 pie\u013caujamais \u0161\u0137\u0113rsgriezums ir no 0.5mm\u00b2 l\u012bdz 2.5 mm\u00b2.\u00a0 Klemme paredz\u0113ta piecu vadu savieno\u0161anai, tai ir caursp\u012bd\u012bgs korpuss.<\/p>\n","protected":false},"featured_media":2702,"template":"","meta":{"_acf_changed":false},"product_brand":[],"product_cat":[700],"product_tag":[],"class_list":{"0":"post-2699","1":"product","2":"type-product","3":"status-publish","4":"has-post-thumbnail","6":"product_cat-wago-savienojuma-klemmes","8":"first","9":"onbackorder","10":"taxable","11":"shipping-taxable","12":"purchasable","13":"product-type-simple"},"acf":[],"_links":{"self":[{"href":"https:\/\/lemt.lv\/dev\/wp-json\/wp\/v2\/product\/2699","targetHints":{"allow":["GET"]}}],"collection":[{"href":"https:\/\/lemt.lv\/dev\/wp-json\/wp\/v2\/product"}],"about":[{"href":"https:\/\/lemt.lv\/dev\/wp-json\/wp\/v2\/types\/product"}],"wp:featuredmedia":[{"embeddable":true,"href":"https:\/\/lemt.lv\/dev\/wp-json\/wp\/v2\/media\/2702"}],"wp:attachment":[{"href":"https:\/\/lemt.lv\/dev\/wp-json\/wp\/v2\/media?parent=2699"}],"wp:term":[{"taxonomy":"product_brand","embeddable":true,"href":"https:\/\/lemt.lv\/dev\/wp-json\/wp\/v2\/product_brand?post=2699"},{"taxonomy":"product_cat","embeddable":true,"href":"https:\/\/lemt.lv\/dev\/wp-json\/wp\/v2\/product_cat?post=2699"},{"taxonomy":"product_tag","embeddable":true,"href":"https:\/\/lemt.lv\/dev\/wp-json\/wp\/v2\/product_tag?post=2699"}],"curies":[{"name":"wp","href":"https:\/\/api.w.org\/{rel}","templated":true}]}}