{"id":2690,"date":"2021-05-27T11:58:50","date_gmt":"2021-05-27T08:58:50","guid":{"rendered":"https:\/\/lemt.lv\/?post_type=product&#038;p=2690"},"modified":"2025-10-02T15:50:03","modified_gmt":"2025-10-02T12:50:03","slug":"savienojuma-klemme-3x-0-5-2-5mm-wago-100gb","status":"publish","type":"product","link":"https:\/\/lemt.lv\/dev\/produkts\/savienojuma-klemme-3x-0-5-2-5mm-wago-100gb\/","title":{"rendered":"Savienojuma klemme 3x 0,5-2,5mm\u00b2 WAGO 100gb"},"content":{"rendered":"<p>Savienojuma klemme paredz\u0113ta monol\u012btam vadu tipiem,\u00a0 pie\u013caujamais \u0161\u0137\u0113rsgriezums ir no 0.5mm\u00b2 l\u012bdz 2.5 mm\u00b2.\u00a0 Klemme paredz\u0113ta tr\u012bs vadu savieno\u0161anai, tai ir caursp\u012bd\u012bgs korpuss.<\/p>\n","protected":false},"excerpt":{"rendered":"<p>Savienojuma klemme paredz\u0113ta monol\u012btam vadu tipiem,\u00a0 pie\u013caujamais \u0161\u0137\u0113rsgriezums ir no 0.5mm\u00b2 l\u012bdz 2.5 mm\u00b2.\u00a0 Klemme paredz\u0113ta tr\u012bs vadu savieno\u0161anai, tai ir caursp\u012bd\u012bgs korpuss.<\/p>\n","protected":false},"featured_media":2693,"template":"","meta":{"_acf_changed":false},"product_brand":[],"product_cat":[700],"product_tag":[],"class_list":{"0":"post-2690","1":"product","2":"type-product","3":"status-publish","4":"has-post-thumbnail","6":"product_cat-wago-savienojuma-klemmes","8":"first","9":"instock","10":"taxable","11":"shipping-taxable","12":"purchasable","13":"product-type-simple"},"acf":[],"_links":{"self":[{"href":"https:\/\/lemt.lv\/dev\/wp-json\/wp\/v2\/product\/2690","targetHints":{"allow":["GET"]}}],"collection":[{"href":"https:\/\/lemt.lv\/dev\/wp-json\/wp\/v2\/product"}],"about":[{"href":"https:\/\/lemt.lv\/dev\/wp-json\/wp\/v2\/types\/product"}],"wp:featuredmedia":[{"embeddable":true,"href":"https:\/\/lemt.lv\/dev\/wp-json\/wp\/v2\/media\/2693"}],"wp:attachment":[{"href":"https:\/\/lemt.lv\/dev\/wp-json\/wp\/v2\/media?parent=2690"}],"wp:term":[{"taxonomy":"product_brand","embeddable":true,"href":"https:\/\/lemt.lv\/dev\/wp-json\/wp\/v2\/product_brand?post=2690"},{"taxonomy":"product_cat","embeddable":true,"href":"https:\/\/lemt.lv\/dev\/wp-json\/wp\/v2\/product_cat?post=2690"},{"taxonomy":"product_tag","embeddable":true,"href":"https:\/\/lemt.lv\/dev\/wp-json\/wp\/v2\/product_tag?post=2690"}],"curies":[{"name":"wp","href":"https:\/\/api.w.org\/{rel}","templated":true}]}}