{"id":2662,"date":"2021-05-25T15:15:07","date_gmt":"2021-05-25T12:15:07","guid":{"rendered":"https:\/\/lemt.lv\/?post_type=product&#038;p=2662"},"modified":"2025-04-10T05:45:36","modified_gmt":"2025-04-10T02:45:36","slug":"universala-savienojuma-klemme-3x-0-2-4mm-wago-1gb","status":"publish","type":"product","link":"https:\/\/lemt.lv\/dev\/produkts\/universala-savienojuma-klemme-3x-0-2-4mm-wago-1gb\/","title":{"rendered":"Univers\u0101la savienojuma klemme 3x 0.2-4mm\u00b2 WAGO 1gb"},"content":{"rendered":"<p>Univers\u0101l\u0101 savienojuma klemme paredz\u0113ta visiem vadu tipiem,\u00a0 maksim\u0101lais to \u0161\u0137\u0113rsgriezums ir l\u012bdz 4 mm\u00b2.\u00a0 Klemme paredz\u0113ta divu vadu savieno\u0161anai, tai ir caursp\u012bd\u012bgs korpuss. Apk\u0101rt\u0113j\u0101 gaisa temperat\u016bra: maks. 85 \u00b0 C (T85).<\/p>\n","protected":false},"excerpt":{"rendered":"<p>Univers\u0101l\u0101 savienojuma klemme paredz\u0113ta visiem vadu tipiem,\u00a0 maksim\u0101lais to \u0161\u0137\u0113rsgriezums ir l\u012bdz 4 mm\u00b2.\u00a0 Klemme paredz\u0113ta divu vadu savieno\u0161anai, tai ir caursp\u012bd\u012bgs korpuss. Apk\u0101rt\u0113j\u0101 gaisa temperat\u016bra: maks. 85 \u00b0 C (T85).<\/p>\n","protected":false},"featured_media":2649,"template":"","meta":{"_acf_changed":false},"product_brand":[],"product_cat":[700],"product_tag":[],"class_list":{"0":"post-2662","1":"product","2":"type-product","3":"status-publish","4":"has-post-thumbnail","6":"product_cat-wago-savienojuma-klemmes","8":"first","9":"onbackorder","10":"taxable","11":"shipping-taxable","12":"purchasable","13":"product-type-simple"},"acf":[],"_links":{"self":[{"href":"https:\/\/lemt.lv\/dev\/wp-json\/wp\/v2\/product\/2662","targetHints":{"allow":["GET"]}}],"collection":[{"href":"https:\/\/lemt.lv\/dev\/wp-json\/wp\/v2\/product"}],"about":[{"href":"https:\/\/lemt.lv\/dev\/wp-json\/wp\/v2\/types\/product"}],"wp:featuredmedia":[{"embeddable":true,"href":"https:\/\/lemt.lv\/dev\/wp-json\/wp\/v2\/media\/2649"}],"wp:attachment":[{"href":"https:\/\/lemt.lv\/dev\/wp-json\/wp\/v2\/media?parent=2662"}],"wp:term":[{"taxonomy":"product_brand","embeddable":true,"href":"https:\/\/lemt.lv\/dev\/wp-json\/wp\/v2\/product_brand?post=2662"},{"taxonomy":"product_cat","embeddable":true,"href":"https:\/\/lemt.lv\/dev\/wp-json\/wp\/v2\/product_cat?post=2662"},{"taxonomy":"product_tag","embeddable":true,"href":"https:\/\/lemt.lv\/dev\/wp-json\/wp\/v2\/product_tag?post=2662"}],"curies":[{"name":"wp","href":"https:\/\/api.w.org\/{rel}","templated":true}]}}