{"id":2580,"date":"2021-05-20T13:25:40","date_gmt":"2021-05-20T10:25:40","guid":{"rendered":"https:\/\/lemt.lv\/?post_type=product&#038;p=2580"},"modified":"2025-04-10T05:45:36","modified_gmt":"2025-04-10T02:45:36","slug":"gipskartona-montazas-karba-1-vietiga-hw-065","status":"publish","type":"product","link":"https:\/\/lemt.lv\/dev\/produkts\/gipskartona-montazas-karba-1-vietiga-hw-065\/","title":{"rendered":"\u0122ip\u0161kartona mont\u0101\u017eas k\u0101rba 1-viet\u012bga HW 065"},"content":{"rendered":"<p>K\u0101rbas paredz\u0113tas uzst\u0101d\u012b\u0161anai dob\u0101s sien\u0101s, piem. no \u0123ip\u0161kartona vai koka pane\u013ciem. K\u0101rbas iegrie\u0161anas diametrs \u00d8 68 mm, t\u0101s dzi\u013cums 65 mm, ar patent\u0113tiem savieno\u0161anas tilti\u0146iem.<\/p>\n","protected":false},"excerpt":{"rendered":"<p>K\u0101rbas paredz\u0113tas uzst\u0101d\u012b\u0161anai dob\u0101s sien\u0101s, piem. no \u0123ip\u0161kartona vai koka pane\u013ciem. K\u0101rbas iegrie\u0161anas diametrs \u00d8 68 mm, t\u0101s dzi\u013cums 65 mm, ar patent\u0113tiem savieno\u0161anas tilti\u0146iem.<\/p>\n","protected":false},"featured_media":2589,"template":"","meta":{"_acf_changed":false},"product_brand":[],"product_cat":[652],"product_tag":[],"class_list":{"0":"post-2580","1":"product","2":"type-product","3":"status-publish","4":"has-post-thumbnail","6":"product_cat-gipskartona-sienas","8":"first","9":"onbackorder","10":"taxable","11":"shipping-taxable","12":"purchasable","13":"product-type-simple"},"acf":[],"_links":{"self":[{"href":"https:\/\/lemt.lv\/dev\/wp-json\/wp\/v2\/product\/2580","targetHints":{"allow":["GET"]}}],"collection":[{"href":"https:\/\/lemt.lv\/dev\/wp-json\/wp\/v2\/product"}],"about":[{"href":"https:\/\/lemt.lv\/dev\/wp-json\/wp\/v2\/types\/product"}],"wp:featuredmedia":[{"embeddable":true,"href":"https:\/\/lemt.lv\/dev\/wp-json\/wp\/v2\/media\/2589"}],"wp:attachment":[{"href":"https:\/\/lemt.lv\/dev\/wp-json\/wp\/v2\/media?parent=2580"}],"wp:term":[{"taxonomy":"product_brand","embeddable":true,"href":"https:\/\/lemt.lv\/dev\/wp-json\/wp\/v2\/product_brand?post=2580"},{"taxonomy":"product_cat","embeddable":true,"href":"https:\/\/lemt.lv\/dev\/wp-json\/wp\/v2\/product_cat?post=2580"},{"taxonomy":"product_tag","embeddable":true,"href":"https:\/\/lemt.lv\/dev\/wp-json\/wp\/v2\/product_tag?post=2580"}],"curies":[{"name":"wp","href":"https:\/\/api.w.org\/{rel}","templated":true}]}}