{"id":2526,"date":"2021-05-20T11:11:57","date_gmt":"2021-05-20T08:11:57","guid":{"rendered":"https:\/\/lemt.lv\/?post_type=product&#038;p=2526"},"modified":"2025-09-08T11:45:04","modified_gmt":"2025-09-08T08:45:04","slug":"virsapmetuma-montazas-karba-ip66-175-125-76mm","status":"publish","type":"product","link":"https:\/\/lemt.lv\/dev\/produkts\/virsapmetuma-montazas-karba-ip66-175-125-76mm\/","title":{"rendered":"Virsapmetuma mont\u0101\u017eas k\u0101rba IP66 175*125*76mm"},"content":{"rendered":"<p>Paredz\u0113tas mont\u0101\u017eai vid\u0113, kur ir nepiecie\u0161ama IP 66 aizsardz\u012bba. Ieb\u016bv\u0113ta membr\u0101na atver\u0113s priek\u0161 mont\u0101\u017eas uz pamatnes jeb sienas. Paredz\u0113ta uzst\u0101d\u012b\u0161anai pa tie\u0161o uz pamatnes, izmantot siltumizol\u0101cijas starplikas nav nepiecie\u0161ams. Nevainojams bl\u012bv\u0113jums kabelim vai caurulei. Ner\u016bs\u0113jo\u0161\u0101 t\u0113rauda skr\u016bves v\u0101ka uzst\u0101d\u012b\u0161anai un aizb\u0101\u017e\u0146i mont\u0101\u017eas skr\u016bvju galvi\u0146\u0101m iek\u013cauti iepakjum\u0101. Ir paredz\u0113ta mont\u0101\u017eas vieta speci\u0101lm\u0101m piesl\u0113gspail\u0113m (S-KSK 2). Integr\u0113tais ri\u0146\u0137is ievada atveres mal\u0101s \u0113rtai cauru\u013cu, vai saskr\u016bv\u0113jamo kabe\u013cievadu mont\u0101\u017eai. Kr\u0101sa &#8211; gai\u0161i pel\u0113ka RAL 7035.<\/p>\n","protected":false},"excerpt":{"rendered":"<p>Paredz\u0113tas mont\u0101\u017eai vid\u0113, kur ir nepiecie\u0161ama IP 66 aizsardz\u012bba. Ieb\u016bv\u0113ta membr\u0101na atver\u0113s priek\u0161 mont\u0101\u017eas uz pamatnes jeb sienas. Paredz\u0113ta uzst\u0101d\u012b\u0161anai pa tie\u0161o uz pamatnes, izmantot siltumizol\u0101cijas starplikas nav nepiecie\u0161ams. Nevainojams bl\u012bv\u0113jums kabelim vai caurulei. Ner\u016bs\u0113jo\u0161\u0101 t\u0113rauda skr\u016bves v\u0101ka uzst\u0101d\u012b\u0161anai un aizb\u0101\u017e\u0146i mont\u0101\u017eas skr\u016bvju galvi\u0146\u0101m iek\u013cauti iepakjum\u0101. Ir paredz\u0113ta mont\u0101\u017eas vieta speci\u0101lm\u0101m piesl\u0113gspail\u0113m (S-KSK 2). Integr\u0113tais [&hellip;]<\/p>\n","protected":false},"featured_media":2529,"template":"","meta":{"_acf_changed":false},"product_brand":[],"product_cat":[666],"product_tag":[],"class_list":{"0":"post-2526","1":"product","2":"type-product","3":"status-publish","4":"has-post-thumbnail","6":"product_cat-virsapmetuma-montazas-karbas","8":"first","9":"onbackorder","10":"taxable","11":"shipping-taxable","12":"purchasable","13":"product-type-simple"},"acf":[],"_links":{"self":[{"href":"https:\/\/lemt.lv\/dev\/wp-json\/wp\/v2\/product\/2526","targetHints":{"allow":["GET"]}}],"collection":[{"href":"https:\/\/lemt.lv\/dev\/wp-json\/wp\/v2\/product"}],"about":[{"href":"https:\/\/lemt.lv\/dev\/wp-json\/wp\/v2\/types\/product"}],"wp:featuredmedia":[{"embeddable":true,"href":"https:\/\/lemt.lv\/dev\/wp-json\/wp\/v2\/media\/2529"}],"wp:attachment":[{"href":"https:\/\/lemt.lv\/dev\/wp-json\/wp\/v2\/media?parent=2526"}],"wp:term":[{"taxonomy":"product_brand","embeddable":true,"href":"https:\/\/lemt.lv\/dev\/wp-json\/wp\/v2\/product_brand?post=2526"},{"taxonomy":"product_cat","embeddable":true,"href":"https:\/\/lemt.lv\/dev\/wp-json\/wp\/v2\/product_cat?post=2526"},{"taxonomy":"product_tag","embeddable":true,"href":"https:\/\/lemt.lv\/dev\/wp-json\/wp\/v2\/product_tag?post=2526"}],"curies":[{"name":"wp","href":"https:\/\/api.w.org\/{rel}","templated":true}]}}