{"id":2012,"date":"2021-04-27T12:48:19","date_gmt":"2021-04-27T09:48:19","guid":{"rendered":"https:\/\/lemt.lv\/?post_type=product&#038;p=2012"},"modified":"2025-09-09T13:45:04","modified_gmt":"2025-09-09T10:45:04","slug":"drosinatajs-nh2c-400a","status":"publish","type":"product","link":"https:\/\/lemt.lv\/dev\/produkts\/drosinatajs-nh2c-400a\/","title":{"rendered":"Dro\u0161in\u0101t\u0101js NH2C, 400A"},"content":{"rendered":"","protected":false},"excerpt":{"rendered":"","protected":false},"featured_media":1969,"template":"","meta":{"_acf_changed":false},"product_brand":[],"product_cat":[532],"product_tag":[],"class_list":{"0":"post-2012","1":"product","2":"type-product","3":"status-publish","4":"has-post-thumbnail","6":"product_cat-drosinataji","8":"first","9":"instock","10":"taxable","11":"shipping-taxable","12":"purchasable","13":"product-type-simple"},"acf":[],"_links":{"self":[{"href":"https:\/\/lemt.lv\/dev\/wp-json\/wp\/v2\/product\/2012","targetHints":{"allow":["GET"]}}],"collection":[{"href":"https:\/\/lemt.lv\/dev\/wp-json\/wp\/v2\/product"}],"about":[{"href":"https:\/\/lemt.lv\/dev\/wp-json\/wp\/v2\/types\/product"}],"wp:featuredmedia":[{"embeddable":true,"href":"https:\/\/lemt.lv\/dev\/wp-json\/wp\/v2\/media\/1969"}],"wp:attachment":[{"href":"https:\/\/lemt.lv\/dev\/wp-json\/wp\/v2\/media?parent=2012"}],"wp:term":[{"taxonomy":"product_brand","embeddable":true,"href":"https:\/\/lemt.lv\/dev\/wp-json\/wp\/v2\/product_brand?post=2012"},{"taxonomy":"product_cat","embeddable":true,"href":"https:\/\/lemt.lv\/dev\/wp-json\/wp\/v2\/product_cat?post=2012"},{"taxonomy":"product_tag","embeddable":true,"href":"https:\/\/lemt.lv\/dev\/wp-json\/wp\/v2\/product_tag?post=2012"}],"curies":[{"name":"wp","href":"https:\/\/api.w.org\/{rel}","templated":true}]}}