{"id":1921,"date":"2021-04-26T12:52:19","date_gmt":"2021-04-26T09:52:19","guid":{"rendered":"https:\/\/lemt.lv\/?post_type=product&#038;p=1921"},"modified":"2026-01-07T09:00:25","modified_gmt":"2026-01-07T07:00:25","slug":"drosinatajs-nh00c-40a","status":"publish","type":"product","link":"https:\/\/lemt.lv\/dev\/produkts\/drosinatajs-nh00c-40a\/","title":{"rendered":"Dro\u0161in\u0101t\u0101js NH00C, 40A"},"content":{"rendered":"","protected":false},"excerpt":{"rendered":"","protected":false},"featured_media":1924,"template":"","meta":{"_acf_changed":false},"product_brand":[],"product_cat":[532],"product_tag":[],"class_list":{"0":"post-1921","1":"product","2":"type-product","3":"status-publish","4":"has-post-thumbnail","6":"product_cat-drosinataji","8":"first","9":"instock","10":"taxable","11":"shipping-taxable","12":"purchasable","13":"product-type-simple"},"acf":[],"_links":{"self":[{"href":"https:\/\/lemt.lv\/dev\/wp-json\/wp\/v2\/product\/1921","targetHints":{"allow":["GET"]}}],"collection":[{"href":"https:\/\/lemt.lv\/dev\/wp-json\/wp\/v2\/product"}],"about":[{"href":"https:\/\/lemt.lv\/dev\/wp-json\/wp\/v2\/types\/product"}],"wp:featuredmedia":[{"embeddable":true,"href":"https:\/\/lemt.lv\/dev\/wp-json\/wp\/v2\/media\/1924"}],"wp:attachment":[{"href":"https:\/\/lemt.lv\/dev\/wp-json\/wp\/v2\/media?parent=1921"}],"wp:term":[{"taxonomy":"product_brand","embeddable":true,"href":"https:\/\/lemt.lv\/dev\/wp-json\/wp\/v2\/product_brand?post=1921"},{"taxonomy":"product_cat","embeddable":true,"href":"https:\/\/lemt.lv\/dev\/wp-json\/wp\/v2\/product_cat?post=1921"},{"taxonomy":"product_tag","embeddable":true,"href":"https:\/\/lemt.lv\/dev\/wp-json\/wp\/v2\/product_tag?post=1921"}],"curies":[{"name":"wp","href":"https:\/\/api.w.org\/{rel}","templated":true}]}}