{"id":1905,"date":"2021-04-23T15:36:00","date_gmt":"2021-04-23T12:36:00","guid":{"rendered":"https:\/\/lemt.lv\/?post_type=product&#038;p=1905"},"modified":"2025-11-06T11:40:03","modified_gmt":"2025-11-06T09:40:03","slug":"zemejuma-plakandzelzs-40x4mm","status":"publish","type":"product","link":"https:\/\/lemt.lv\/dev\/produkts\/zemejuma-plakandzelzs-40x4mm\/","title":{"rendered":"Zem\u0113juma plakandzelzs 40x4mm"},"content":{"rendered":"<p>Paredz\u0113ts zem\u0113juma kont\u016bru veido\u0161anai. P\u0101rdodas vesels rullis, 40m.<\/p>\n","protected":false},"excerpt":{"rendered":"<p>Paredz\u0113ts zem\u0113juma kont\u016bru veido\u0161anai. P\u0101rdodas vesels rullis, 40m.<\/p>\n","protected":false},"featured_media":1896,"template":"","meta":{"_acf_changed":false},"product_brand":[],"product_cat":[486],"product_tag":[],"class_list":{"0":"post-1905","1":"product","2":"type-product","3":"status-publish","4":"has-post-thumbnail","6":"product_cat-zemejums","8":"first","9":"instock","10":"taxable","11":"shipping-taxable","12":"purchasable","13":"product-type-simple"},"acf":[],"_links":{"self":[{"href":"https:\/\/lemt.lv\/dev\/wp-json\/wp\/v2\/product\/1905","targetHints":{"allow":["GET"]}}],"collection":[{"href":"https:\/\/lemt.lv\/dev\/wp-json\/wp\/v2\/product"}],"about":[{"href":"https:\/\/lemt.lv\/dev\/wp-json\/wp\/v2\/types\/product"}],"wp:featuredmedia":[{"embeddable":true,"href":"https:\/\/lemt.lv\/dev\/wp-json\/wp\/v2\/media\/1896"}],"wp:attachment":[{"href":"https:\/\/lemt.lv\/dev\/wp-json\/wp\/v2\/media?parent=1905"}],"wp:term":[{"taxonomy":"product_brand","embeddable":true,"href":"https:\/\/lemt.lv\/dev\/wp-json\/wp\/v2\/product_brand?post=1905"},{"taxonomy":"product_cat","embeddable":true,"href":"https:\/\/lemt.lv\/dev\/wp-json\/wp\/v2\/product_cat?post=1905"},{"taxonomy":"product_tag","embeddable":true,"href":"https:\/\/lemt.lv\/dev\/wp-json\/wp\/v2\/product_tag?post=1905"}],"curies":[{"name":"wp","href":"https:\/\/api.w.org\/{rel}","templated":true}]}}