{"id":1867,"date":"2021-04-23T14:21:02","date_gmt":"2021-04-23T11:21:02","guid":{"rendered":"https:\/\/lemt.lv\/?post_type=product&#038;p=1867"},"modified":"2025-10-13T14:40:04","modified_gmt":"2025-10-13T11:40:04","slug":"zemejuma-spaile-elektrodam-d16-apaldzelzs-plakandzelzs","status":"publish","type":"product","link":"https:\/\/lemt.lv\/dev\/produkts\/zemejuma-spaile-elektrodam-d16-apaldzelzs-plakandzelzs\/","title":{"rendered":"Zem\u0113juma spaile elektrodam D16 \/ apa\u013cdzelzs \/ plakandzelzs UKU16\/40\/4"},"content":{"rendered":"<p>Spaile paredz\u0113ta zem\u0113juma elektroda savieno\u0161anai ar plakandzelzi vai apa\u013cdzelzi.<\/p>\n<p>a [mm]: 70<br \/>\nb [mm]: 70<br \/>\nc [mm]: 40<br \/>\nd [mm]: 16<\/p>\n","protected":false},"excerpt":{"rendered":"<p>Spaile paredz\u0113ta zem\u0113juma elektroda savieno\u0161anai ar plakandzelzi vai apa\u013cdzelzi. a [mm]: 70 b [mm]: 70 c [mm]: 40 d [mm]: 16<\/p>\n","protected":false},"featured_media":1868,"template":"","meta":{"_acf_changed":false},"product_brand":[],"product_cat":[486],"product_tag":[],"class_list":{"0":"post-1867","1":"product","2":"type-product","3":"status-publish","4":"has-post-thumbnail","6":"product_cat-zemejums","8":"first","9":"instock","10":"taxable","11":"shipping-taxable","12":"purchasable","13":"product-type-simple"},"acf":[],"_links":{"self":[{"href":"https:\/\/lemt.lv\/dev\/wp-json\/wp\/v2\/product\/1867","targetHints":{"allow":["GET"]}}],"collection":[{"href":"https:\/\/lemt.lv\/dev\/wp-json\/wp\/v2\/product"}],"about":[{"href":"https:\/\/lemt.lv\/dev\/wp-json\/wp\/v2\/types\/product"}],"wp:featuredmedia":[{"embeddable":true,"href":"https:\/\/lemt.lv\/dev\/wp-json\/wp\/v2\/media\/1868"}],"wp:attachment":[{"href":"https:\/\/lemt.lv\/dev\/wp-json\/wp\/v2\/media?parent=1867"}],"wp:term":[{"taxonomy":"product_brand","embeddable":true,"href":"https:\/\/lemt.lv\/dev\/wp-json\/wp\/v2\/product_brand?post=1867"},{"taxonomy":"product_cat","embeddable":true,"href":"https:\/\/lemt.lv\/dev\/wp-json\/wp\/v2\/product_cat?post=1867"},{"taxonomy":"product_tag","embeddable":true,"href":"https:\/\/lemt.lv\/dev\/wp-json\/wp\/v2\/product_tag?post=1867"}],"curies":[{"name":"wp","href":"https:\/\/api.w.org\/{rel}","templated":true}]}}