{"id":1857,"date":"2021-04-23T13:54:47","date_gmt":"2021-04-23T10:54:47","guid":{"rendered":"https:\/\/lemt.lv\/?post_type=product&#038;p=1857"},"modified":"2025-11-07T10:40:03","modified_gmt":"2025-11-07T08:40:03","slug":"sds-max-perforatora-uzgalis-16mm","status":"publish","type":"product","link":"https:\/\/lemt.lv\/dev\/produkts\/sds-max-perforatora-uzgalis-16mm\/","title":{"rendered":"SDS Max perforatora uzgalis 16mm"},"content":{"rendered":"<p>Paredz\u0113ts zem\u0113juma elektroda iesi\u0161anai zem\u0113 ar perforators SDS max. Izgatavots no termiski apstr\u0101d\u0101ta instrumentu t\u0113rauda.<\/p>\n","protected":false},"excerpt":{"rendered":"<p>Paredz\u0113ts zem\u0113juma elektroda iesi\u0161anai zem\u0113 ar perforators SDS max. Izgatavots no termiski apstr\u0101d\u0101ta instrumentu t\u0113rauda.<\/p>\n","protected":false},"featured_media":1858,"template":"","meta":{"_acf_changed":false},"product_brand":[],"product_cat":[486],"product_tag":[],"class_list":{"0":"post-1857","1":"product","2":"type-product","3":"status-publish","4":"has-post-thumbnail","6":"product_cat-zemejums","8":"first","9":"instock","10":"taxable","11":"shipping-taxable","12":"purchasable","13":"product-type-simple"},"acf":[],"_links":{"self":[{"href":"https:\/\/lemt.lv\/dev\/wp-json\/wp\/v2\/product\/1857","targetHints":{"allow":["GET"]}}],"collection":[{"href":"https:\/\/lemt.lv\/dev\/wp-json\/wp\/v2\/product"}],"about":[{"href":"https:\/\/lemt.lv\/dev\/wp-json\/wp\/v2\/types\/product"}],"wp:featuredmedia":[{"embeddable":true,"href":"https:\/\/lemt.lv\/dev\/wp-json\/wp\/v2\/media\/1858"}],"wp:attachment":[{"href":"https:\/\/lemt.lv\/dev\/wp-json\/wp\/v2\/media?parent=1857"}],"wp:term":[{"taxonomy":"product_brand","embeddable":true,"href":"https:\/\/lemt.lv\/dev\/wp-json\/wp\/v2\/product_brand?post=1857"},{"taxonomy":"product_cat","embeddable":true,"href":"https:\/\/lemt.lv\/dev\/wp-json\/wp\/v2\/product_cat?post=1857"},{"taxonomy":"product_tag","embeddable":true,"href":"https:\/\/lemt.lv\/dev\/wp-json\/wp\/v2\/product_tag?post=1857"}],"curies":[{"name":"wp","href":"https:\/\/api.w.org\/{rel}","templated":true}]}}