{"id":1850,"date":"2021-04-23T13:05:30","date_gmt":"2021-04-23T10:05:30","guid":{"rendered":"https:\/\/lemt.lv\/?post_type=product&#038;p=1850"},"modified":"2025-11-06T14:40:04","modified_gmt":"2025-11-06T12:40:04","slug":"zemejuma-elektroda-spice-20mm","status":"publish","type":"product","link":"https:\/\/lemt.lv\/dev\/produkts\/zemejuma-elektroda-spice-20mm\/","title":{"rendered":"Zem\u0113juma elektroda spice 20mm"},"content":{"rendered":"<p>Zem\u0113juma elektroda spice paredz\u0113ta atvieglotai zem\u0113juma elektroda mont\u0101\u017eai.<\/p>\n","protected":false},"excerpt":{"rendered":"<p>Zem\u0113juma elektroda spice paredz\u0113ta atvieglotai zem\u0113juma elektroda mont\u0101\u017eai.<\/p>\n","protected":false},"featured_media":1853,"template":"","meta":{"_acf_changed":false},"product_brand":[],"product_cat":[486],"product_tag":[],"class_list":{"0":"post-1850","1":"product","2":"type-product","3":"status-publish","4":"has-post-thumbnail","6":"product_cat-zemejums","8":"first","9":"instock","10":"taxable","11":"shipping-taxable","12":"purchasable","13":"product-type-simple"},"acf":[],"_links":{"self":[{"href":"https:\/\/lemt.lv\/dev\/wp-json\/wp\/v2\/product\/1850","targetHints":{"allow":["GET"]}}],"collection":[{"href":"https:\/\/lemt.lv\/dev\/wp-json\/wp\/v2\/product"}],"about":[{"href":"https:\/\/lemt.lv\/dev\/wp-json\/wp\/v2\/types\/product"}],"wp:featuredmedia":[{"embeddable":true,"href":"https:\/\/lemt.lv\/dev\/wp-json\/wp\/v2\/media\/1853"}],"wp:attachment":[{"href":"https:\/\/lemt.lv\/dev\/wp-json\/wp\/v2\/media?parent=1850"}],"wp:term":[{"taxonomy":"product_brand","embeddable":true,"href":"https:\/\/lemt.lv\/dev\/wp-json\/wp\/v2\/product_brand?post=1850"},{"taxonomy":"product_cat","embeddable":true,"href":"https:\/\/lemt.lv\/dev\/wp-json\/wp\/v2\/product_cat?post=1850"},{"taxonomy":"product_tag","embeddable":true,"href":"https:\/\/lemt.lv\/dev\/wp-json\/wp\/v2\/product_tag?post=1850"}],"curies":[{"name":"wp","href":"https:\/\/api.w.org\/{rel}","templated":true}]}}