{"id":1281,"date":"2021-03-02T14:59:48","date_gmt":"2021-03-02T12:59:48","guid":{"rendered":"https:\/\/lemt.lv\/?post_type=product&#038;p=1281"},"modified":"2025-11-03T14:40:06","modified_gmt":"2025-11-03T12:40:06","slug":"plastmasas-sadalne-12-moduli-iebuvejama-ip40","status":"publish","type":"product","link":"https:\/\/lemt.lv\/dev\/produkts\/plastmasas-sadalne-12-moduli-iebuvejama-ip40\/","title":{"rendered":"Plastmasas sadalne 12 modu\u013ci, ieb\u016bv\u0113jama, IP40"},"content":{"rendered":"","protected":false},"excerpt":{"rendered":"","protected":false},"featured_media":1282,"template":"","meta":{"_acf_changed":false},"product_brand":[],"product_cat":[121],"product_tag":[],"class_list":{"0":"post-1281","1":"product","2":"type-product","3":"status-publish","4":"has-post-thumbnail","6":"product_cat-modularie-sadalnes-skapji","8":"first","9":"instock","10":"sale","11":"taxable","12":"shipping-taxable","13":"purchasable","14":"product-type-simple"},"acf":[],"_links":{"self":[{"href":"https:\/\/lemt.lv\/dev\/wp-json\/wp\/v2\/product\/1281","targetHints":{"allow":["GET"]}}],"collection":[{"href":"https:\/\/lemt.lv\/dev\/wp-json\/wp\/v2\/product"}],"about":[{"href":"https:\/\/lemt.lv\/dev\/wp-json\/wp\/v2\/types\/product"}],"wp:featuredmedia":[{"embeddable":true,"href":"https:\/\/lemt.lv\/dev\/wp-json\/wp\/v2\/media\/1282"}],"wp:attachment":[{"href":"https:\/\/lemt.lv\/dev\/wp-json\/wp\/v2\/media?parent=1281"}],"wp:term":[{"taxonomy":"product_brand","embeddable":true,"href":"https:\/\/lemt.lv\/dev\/wp-json\/wp\/v2\/product_brand?post=1281"},{"taxonomy":"product_cat","embeddable":true,"href":"https:\/\/lemt.lv\/dev\/wp-json\/wp\/v2\/product_cat?post=1281"},{"taxonomy":"product_tag","embeddable":true,"href":"https:\/\/lemt.lv\/dev\/wp-json\/wp\/v2\/product_tag?post=1281"}],"curies":[{"name":"wp","href":"https:\/\/api.w.org\/{rel}","templated":true}]}}